{"id":996,"date":"2024-04-18T10:11:32","date_gmt":"2024-04-18T10:11:32","guid":{"rendered":"http:\/\/compagnie-a-tout-rompre.local\/?page_id=996"},"modified":"2026-03-11T14:16:46","modified_gmt":"2026-03-11T13:16:46","slug":"spectacles_amateurs","status":"publish","type":"page","link":"https:\/\/cieatoutrompre.fr\/index.php\/spectacles_amateurs\/","title":{"rendered":"Spectacles amateurs"},"content":{"rendered":"<h2 style=\"text-align: center;\"><span style=\"color: #ffffff;\">Nouveaux<\/span><\/h2>\n\n<ul class=\"wp-block-latest-posts__list alignfull wp-block-latest-posts\"><\/ul>\n\n<h2 style=\"text-align: center;\"><span style=\"color: #ffffff;\">Anciens<\/span><\/h2>\n\n<ul class=\"wp-block-latest-posts__list alignfull wp-block-latest-posts\"><li><a class=\"wp-block-latest-posts__post-title\" href=\"https:\/\/cieatoutrompre.fr\/index.php\/2025\/06\/29\/ca-demenage\/\">\u00c7a d\u00e9m\u00e9nage !<\/a><div class=\"wp-block-latest-posts__post-excerpt\">Spectacle d&rsquo;improvisation men\u00e9 par Justine Rouet Chabaux<\/div><\/li>\n<li><a class=\"wp-block-latest-posts__post-title\" href=\"https:\/\/cieatoutrompre.fr\/index.php\/2025\/06\/28\/vous-etes-cordialement-invite-e-s\/\">Vous \u00eates cordialement invit\u00e9.e.s<\/a><div class=\"wp-block-latest-posts__post-excerpt\">Cr\u00e9ation collective de l&rsquo;atelier amateur du Mardi<\/div><\/li>\n<li><a class=\"wp-block-latest-posts__post-title\" href=\"https:\/\/cieatoutrompre.fr\/index.php\/2025\/06\/13\/festival-des-recits-2025\/\">Festival des r\u00e9cits 2025<\/a><div class=\"wp-block-latest-posts__post-excerpt\">Lors de la quatri\u00e8me \u00e9dition du festival des r\u00e9cits, notre compagnie a eu l&rsquo;honneur de d\u00e9voiler le travail de plusieurs \u00e9quipes avec le soutien de Justine Rouet Chabaux sur sc\u00e8ne et \u00e0 la mise en sc\u00e8ne.<\/div><\/li>\n<li><a class=\"wp-block-latest-posts__post-title\" href=\"https:\/\/cieatoutrompre.fr\/index.php\/2025\/06\/13\/charmed\/\">Charmed<\/a><div class=\"wp-block-latest-posts__post-excerpt\">Cr\u00e9ation collective pr\u00e9sent\u00e9e par le Foyer Aurore et Justine Rouet Chabaux<\/div><\/li>\n<li><a class=\"wp-block-latest-posts__post-title\" href=\"https:\/\/cieatoutrompre.fr\/index.php\/2025\/06\/11\/la-quete-des-legendes\/\">La qu\u00eate des l\u00e9gendes<\/a><div class=\"wp-block-latest-posts__post-excerpt\">Cr\u00e9ation collective des travailleurs de L&rsquo;ESAT de Mardeuil accompagn\u00e9s par Justine Rouet Chabaux<\/div><\/li>\n<li><a class=\"wp-block-latest-posts__post-title\" href=\"https:\/\/cieatoutrompre.fr\/index.php\/2025\/05\/28\/salade-de-thon\/\">Salade de thon<\/a><div class=\"wp-block-latest-posts__post-excerpt\">Cr\u00e9ation collective des \u00e9tudiants du Crous de Reims men\u00e9e par Pauline Billonneau<\/div><\/li>\n<li><a class=\"wp-block-latest-posts__post-title\" href=\"https:\/\/cieatoutrompre.fr\/index.php\/2025\/05\/19\/souvenirs-souvenirs\/\">Souvenirs Souvenirs<\/a><div class=\"wp-block-latest-posts__post-excerpt\">Cr\u00e9ation collective de l&rsquo;atelier d&rsquo;int\u00e9gration men\u00e9 par Justine Rouet Chabaux<\/div><\/li>\n<li><a class=\"wp-block-latest-posts__post-title\" href=\"https:\/\/cieatoutrompre.fr\/index.php\/2024\/12\/02\/team-building-bientot-a-reims\/\">BUREAUX ET DEPENDANCES<\/a><div class=\"wp-block-latest-posts__post-excerpt\">Entre le ciel et la terre, se trouve le toit d&rsquo;une entreprise exigeante et prestigieuse. <\/div><\/li>\n<li><a class=\"wp-block-latest-posts__post-title\" href=\"https:\/\/cieatoutrompre.fr\/index.php\/2024\/10\/16\/team-building-le-seminaire-improvise-le-18-decembre-au-royal-comedy-club\/\">Le S\u00e9minaire improvis\u00e9<\/a><div class=\"wp-block-latest-posts__post-excerpt\">\u00ab Team Building &#8211; Le s\u00e9minaire improvis\u00e9 \u00bb le 18 d\u00e9cembre au Royal Comedy Club \u00e0 20h.<\/div><\/li>\n<li><a class=\"wp-block-latest-posts__post-title\" href=\"https:\/\/cieatoutrompre.fr\/index.php\/2024\/04\/14\/la-deuxieme-chance-au-festival-des-recits\/\">La deuxi\u00e8me chance, au festival des r\u00e9cits<\/a><div class=\"wp-block-latest-posts__post-excerpt\">Le 14 juin 2024 au chapiteau le Temps des Cerises. Cr\u00e9ation collective pr\u00e9sent\u00e9e par le Foyer Aurore et la compagnie \u00c0 Tout Rompre<\/div><\/li>\n<li><a class=\"wp-block-latest-posts__post-title\" href=\"https:\/\/cieatoutrompre.fr\/index.php\/2024\/04\/05\/la-rencontre-des-8-le-11-juin\/\">La rencontre des 8<\/a><div class=\"wp-block-latest-posts__post-excerpt\">Mardi 11 juin 2024 \u00e0 19h au th\u00e9\u00e2tre le Salmanazar. Collaboration entre l\u2019ESAT de Mardeuil, la Compagnie \u00c0 Tout Rompre et le Salmanazar.<\/div><\/li>\n<li><a class=\"wp-block-latest-posts__post-title\" href=\"https:\/\/cieatoutrompre.fr\/index.php\/2024\/04\/02\/tout-est-chaos-bientot-a-reims\/\">TOUT EST CHAOS<\/a><div class=\"wp-block-latest-posts__post-excerpt\">Que ce soit aujourd&rsquo;hui ou bien dans l&rsquo;avenir, le constat est alarmant : tout le monde semble se d\u00e9battre contre les exigences du monde. <\/div><\/li>\n<li><a class=\"wp-block-latest-posts__post-title\" href=\"https:\/\/cieatoutrompre.fr\/index.php\/2024\/04\/01\/bientot-dans-la-salle-du-ludoval-les-trois-familles\/\">Les trois familles<\/a><div class=\"wp-block-latest-posts__post-excerpt\">Spectacle des enfants de l&rsquo;atelier th\u00e9\u00e2tre de la maison de quartier Clairmarais.<\/div><\/li>\n<li><a class=\"wp-block-latest-posts__post-title\" href=\"https:\/\/cieatoutrompre.fr\/index.php\/2023\/06\/01\/les-retrouvailles\/\">Les Retrouvailles<\/a><div class=\"wp-block-latest-posts__post-excerpt\">Deux jeunes femmes se rencontrent par hasard sous un arr\u00eat de bus.<\/div><\/li>\n<li><a class=\"wp-block-latest-posts__post-title\" href=\"https:\/\/cieatoutrompre.fr\/index.php\/2019\/07\/01\/631-2\/\">Notre Paris<\/a><div class=\"wp-block-latest-posts__post-excerpt\">Parfois, ce sont la danse et la musique qui trouvent les mots pour raconter la chance et la violence de vivre \u00e0 Paris. La question se pose : quelles sont les limites de cette ville ? A quel moment faut-il en rire, et en pleurer ?<\/div><\/li>\n<li><a class=\"wp-block-latest-posts__post-title\" href=\"https:\/\/cieatoutrompre.fr\/index.php\/2017\/11\/11\/leveil-du-printemps\/\">L&rsquo;\u00c9veil du printemps                          de Franck WEDEKIND<\/a><div class=\"wp-block-latest-posts__post-excerpt\">Mon envie premi\u00e8re \u00e9tait de sortir des \u00ab\u00a0murs\u00a0\u00bb du th\u00e9\u00e2tre. \nS&#8217;emparer d&rsquo;un texte classique et le mettre en sc\u00e8ne d&rsquo;une mani\u00e8re non-conventionnelle, adaptable \u00e0 tous les lieux qui nous accueillent; que ce soit en plein-air, dans un hangar, une rotonde&#8230; <\/div><\/li>\n<li><a class=\"wp-block-latest-posts__post-title\" href=\"https:\/\/cieatoutrompre.fr\/index.php\/2016\/10\/16\/ce-qui-me-revient-de-droit\/\">Ce qui me revient de droit<\/a><div class=\"wp-block-latest-posts__post-excerpt\">J&rsquo;ai voulu \u00e9crire un spectacle sur la poursuite des r\u00eaves et sur l&rsquo;ego qui l&rsquo;accompagne. Je recherche \u00e0 quel instant, pr\u00e9cis\u00e9ment, nous allons trop loin pour r\u00e9ussir. A quel moment nous basculons, nous \u00e9crasons, pour atteindre notre objectif. L&rsquo;ambition oui, encore et toujours, mais la limite qui s\u00e9pare combativit\u00e9 innocente et concurrence \u00e9crasante est si fragile.<\/div><\/li>\n<\/ul>","protected":false},"excerpt":{"rendered":"<p>Nouveaux Anciens<\/p>\n","protected":false},"author":1,"featured_media":0,"parent":0,"menu_order":0,"comment_status":"closed","ping_status":"closed","template":"","meta":{"footnotes":""},"class_list":["post-996","page","type-page","status-publish","hentry"],"_links":{"self":[{"href":"https:\/\/cieatoutrompre.fr\/index.php\/wp-json\/wp\/v2\/pages\/996","targetHints":{"allow":["GET"]}}],"collection":[{"href":"https:\/\/cieatoutrompre.fr\/index.php\/wp-json\/wp\/v2\/pages"}],"about":[{"href":"https:\/\/cieatoutrompre.fr\/index.php\/wp-json\/wp\/v2\/types\/page"}],"author":[{"embeddable":true,"href":"https:\/\/cieatoutrompre.fr\/index.php\/wp-json\/wp\/v2\/users\/1"}],"replies":[{"embeddable":true,"href":"https:\/\/cieatoutrompre.fr\/index.php\/wp-json\/wp\/v2\/comments?post=996"}],"version-history":[{"count":8,"href":"https:\/\/cieatoutrompre.fr\/index.php\/wp-json\/wp\/v2\/pages\/996\/revisions"}],"predecessor-version":[{"id":1748,"href":"https:\/\/cieatoutrompre.fr\/index.php\/wp-json\/wp\/v2\/pages\/996\/revisions\/1748"}],"wp:attachment":[{"href":"https:\/\/cieatoutrompre.fr\/index.php\/wp-json\/wp\/v2\/media?parent=996"}],"curies":[{"name":"wp","href":"https:\/\/api.w.org\/{rel}","templated":true}]}}