{"id":993,"date":"2024-04-18T10:08:39","date_gmt":"2024-04-18T10:08:39","guid":{"rendered":"http:\/\/compagnie-a-tout-rompre.local\/?page_id=993"},"modified":"2025-08-19T17:59:33","modified_gmt":"2025-08-19T15:59:33","slug":"projets-professionnels","status":"publish","type":"page","link":"https:\/\/cieatoutrompre.fr\/index.php\/projets-professionnels\/","title":{"rendered":"Projets professionnels"},"content":{"rendered":"\n<div style=\"height:8px\" aria-hidden=\"true\" class=\"wp-block-spacer\"><\/div>\n\n\n<h2 style=\"text-align: center;\">Nouveaux<\/h2>\n\n<ul class=\"wp-block-latest-posts__list alignfull wp-block-latest-posts\"><li><div class=\"wp-block-latest-posts__featured-image\"><a href=\"https:\/\/cieatoutrompre.fr\/index.php\/2026\/03\/11\/la-taverne-digor\/\" aria-label=\"LA TAVERNE D&rsquo;IGOR\"><img loading=\"lazy\" decoding=\"async\" width=\"300\" height=\"121\" src=\"https:\/\/cieatoutrompre.fr\/wp-content\/uploads\/2026\/03\/20251024_183151-scaled-e1773159392447-300x121.jpg\" class=\"attachment-medium size-medium wp-post-image\" alt=\"Compagnie A Tout Rompre- Reims- La tani\u00e8re d&#039;Igor - Th\u00e9\u00e2tre- Quentin Delcourt- https:\/\/cieatoutrompre.fr\" style=\"max-width:300px;max-height:300px;\" srcset=\"https:\/\/cieatoutrompre.fr\/wp-content\/uploads\/2026\/03\/20251024_183151-scaled-e1773159392447-300x121.jpg 300w, https:\/\/cieatoutrompre.fr\/wp-content\/uploads\/2026\/03\/20251024_183151-scaled-e1773159392447-1024x412.jpg 1024w, https:\/\/cieatoutrompre.fr\/wp-content\/uploads\/2026\/03\/20251024_183151-scaled-e1773159392447-768x309.jpg 768w, https:\/\/cieatoutrompre.fr\/wp-content\/uploads\/2026\/03\/20251024_183151-scaled-e1773159392447-1536x618.jpg 1536w, https:\/\/cieatoutrompre.fr\/wp-content\/uploads\/2026\/03\/20251024_183151-scaled-e1773159392447-1200x483.jpg 1200w, https:\/\/cieatoutrompre.fr\/wp-content\/uploads\/2026\/03\/20251024_183151-scaled-e1773159392447.jpg 1920w\" sizes=\"auto, (max-width: 300px) 100vw, 300px\" \/><\/a><\/div><a class=\"wp-block-latest-posts__post-title\" href=\"https:\/\/cieatoutrompre.fr\/index.php\/2026\/03\/11\/la-taverne-digor\/\">LA TAVERNE D&rsquo;IGOR<\/a><div class=\"wp-block-latest-posts__post-excerpt\">Igor c\u2019est un bavard, il adore raconter des histoires et jouer la com\u00e9die. Installez-vous au coin du feu\net laissez-vous bercer par ses merveilles.<\/div><\/li>\n<li><div class=\"wp-block-latest-posts__featured-image\"><a href=\"https:\/\/cieatoutrompre.fr\/index.php\/2026\/03\/09\/lamour-est-un-long-fleuve-tranquille\/\" aria-label=\"L&rsquo;amour est un long fleuve tranquille ?!\"><img loading=\"lazy\" decoding=\"async\" width=\"300\" height=\"99\" src=\"https:\/\/cieatoutrompre.fr\/wp-content\/uploads\/2026\/03\/Copie-de-P1177552-1-scaled-e1773079905584-300x99.jpg\" class=\"attachment-medium size-medium wp-post-image\" alt=\"Compagnie A Tout Rompre- Reims- L&#039;amour est un long fleuve tranquille ?! - Th\u00e9\u00e2tre- Gino Bobba- Justine Rouet Chabaux- https:\/\/cieatoutrompre.fr\" style=\"max-width:300px;max-height:300px;\" srcset=\"https:\/\/cieatoutrompre.fr\/wp-content\/uploads\/2026\/03\/Copie-de-P1177552-1-scaled-e1773079905584-300x99.jpg 300w, https:\/\/cieatoutrompre.fr\/wp-content\/uploads\/2026\/03\/Copie-de-P1177552-1-scaled-e1773079905584-1024x336.jpg 1024w, https:\/\/cieatoutrompre.fr\/wp-content\/uploads\/2026\/03\/Copie-de-P1177552-1-scaled-e1773079905584-768x252.jpg 768w, https:\/\/cieatoutrompre.fr\/wp-content\/uploads\/2026\/03\/Copie-de-P1177552-1-scaled-e1773079905584-1536x504.jpg 1536w, https:\/\/cieatoutrompre.fr\/wp-content\/uploads\/2026\/03\/Copie-de-P1177552-1-scaled-e1773079905584-1200x394.jpg 1200w, https:\/\/cieatoutrompre.fr\/wp-content\/uploads\/2026\/03\/Copie-de-P1177552-1-scaled-e1773079905584.jpg 1705w\" sizes=\"auto, (max-width: 300px) 100vw, 300px\" \/><\/a><\/div><a class=\"wp-block-latest-posts__post-title\" href=\"https:\/\/cieatoutrompre.fr\/index.php\/2026\/03\/09\/lamour-est-un-long-fleuve-tranquille\/\">L&rsquo;amour est un long fleuve tranquille ?!<\/a><div class=\"wp-block-latest-posts__post-excerpt\">COM\u00c9DIE ROMANTIQUE\n\n\u00ab Rires, maladresses et amour : plongez dans le quotidien d\u2019un couple moderne \u00bb<\/div><\/li>\n<li><div class=\"wp-block-latest-posts__featured-image\"><a href=\"https:\/\/cieatoutrompre.fr\/index.php\/2026\/02\/16\/blackbird-les-19-et-20-avril-2024-19h30-au-cellier-de-reims\/\" aria-label=\"BLACKBIRD\"><img loading=\"lazy\" decoding=\"async\" width=\"300\" height=\"100\" src=\"https:\/\/cieatoutrompre.fr\/wp-content\/uploads\/2024\/05\/Blackbird-300x100.jpg\" class=\"attachment-medium size-medium wp-post-image\" alt=\"Blackbird-Compagnie A Tout Rompre- Reims- Th\u00e9\u00e2tre- https:\/\/cieatoutrompre.fr\" style=\"max-width:300px;max-height:300px;\" srcset=\"https:\/\/cieatoutrompre.fr\/wp-content\/uploads\/2024\/05\/Blackbird-300x100.jpg 300w, https:\/\/cieatoutrompre.fr\/wp-content\/uploads\/2024\/05\/Blackbird-1024x343.jpg 1024w, https:\/\/cieatoutrompre.fr\/wp-content\/uploads\/2024\/05\/Blackbird-768x257.jpg 768w, https:\/\/cieatoutrompre.fr\/wp-content\/uploads\/2024\/05\/Blackbird-1200x402.jpg 1200w, https:\/\/cieatoutrompre.fr\/wp-content\/uploads\/2024\/05\/Blackbird.jpg 1440w\" sizes=\"auto, (max-width: 300px) 100vw, 300px\" \/><\/a><\/div><a class=\"wp-block-latest-posts__post-title\" href=\"https:\/\/cieatoutrompre.fr\/index.php\/2026\/02\/16\/blackbird-les-19-et-20-avril-2024-19h30-au-cellier-de-reims\/\">BLACKBIRD<\/a><div class=\"wp-block-latest-posts__post-excerpt\">Ce huit clos vertigineux bouleverse notre morale et interroge nos limites. Au c\u0153ur d&rsquo;un dialogue acide, les deux versions se confrontent et chacune r\u00e9clame sa justice. Savons nous entendre les paroles des victimes ? Mais aussi celle des coupables ?<\/div><\/li>\n<li><div class=\"wp-block-latest-posts__featured-image\"><a href=\"https:\/\/cieatoutrompre.fr\/index.php\/2026\/02\/01\/personne-ne-sort-les-fusils\/\" aria-label=\"Des gens au travail\"><img loading=\"lazy\" decoding=\"async\" width=\"300\" height=\"70\" src=\"https:\/\/cieatoutrompre.fr\/wp-content\/uploads\/2024\/05\/Personne-ne-sort-le-sfusils-300x70.jpg\" class=\"attachment-medium size-medium wp-post-image\" alt=\"Personne ne sort les fusils-Compagnie A Tout Rompre- Reims- Th\u00e9\u00e2tre- https:\/\/cieatoutrompre.fr\" style=\"max-width:300px;max-height:300px;\" srcset=\"https:\/\/cieatoutrompre.fr\/wp-content\/uploads\/2024\/05\/Personne-ne-sort-le-sfusils-300x70.jpg 300w, https:\/\/cieatoutrompre.fr\/wp-content\/uploads\/2024\/05\/Personne-ne-sort-le-sfusils-1024x240.jpg 1024w, https:\/\/cieatoutrompre.fr\/wp-content\/uploads\/2024\/05\/Personne-ne-sort-le-sfusils-768x180.jpg 768w, https:\/\/cieatoutrompre.fr\/wp-content\/uploads\/2024\/05\/Personne-ne-sort-le-sfusils-1536x361.jpg 1536w, https:\/\/cieatoutrompre.fr\/wp-content\/uploads\/2024\/05\/Personne-ne-sort-le-sfusils-1200x282.jpg 1200w, https:\/\/cieatoutrompre.fr\/wp-content\/uploads\/2024\/05\/Personne-ne-sort-le-sfusils.jpg 1976w\" sizes=\"auto, (max-width: 300px) 100vw, 300px\" \/><\/a><\/div><a class=\"wp-block-latest-posts__post-title\" href=\"https:\/\/cieatoutrompre.fr\/index.php\/2026\/02\/01\/personne-ne-sort-les-fusils\/\">Des gens au travail<\/a><div class=\"wp-block-latest-posts__post-excerpt\">Thibault Sartori et ses complices envahissent la sc\u00e8ne pour diss\u00e9quer la langue qui nous traverse et que nous parlons tous.<\/div><\/li>\n<\/ul>\n\n<h2 style=\"text-align: center;\">Anciens<\/h2>\n\n<ul class=\"wp-block-latest-posts__list alignfull wp-block-latest-posts\"><li><div class=\"wp-block-latest-posts__featured-image\"><a href=\"https:\/\/cieatoutrompre.fr\/index.php\/2023\/06\/01\/mes-regles-ma-bataille\/\" aria-label=\"Mes r\u00e8gles ma bataille\"><img loading=\"lazy\" decoding=\"async\" width=\"300\" height=\"98\" src=\"https:\/\/cieatoutrompre.fr\/wp-content\/uploads\/2024\/05\/Mes-regles-ma-bataille-300x98.jpg\" class=\"attachment-medium size-medium wp-post-image\" alt=\"Mes r\u00e8gles ma bataille-Compagnie A Tout Rompre- Reims- Th\u00e9\u00e2tre- https:\/\/cieatoutrompre.fr\" style=\"max-width:300px;max-height:300px;\" srcset=\"https:\/\/cieatoutrompre.fr\/wp-content\/uploads\/2024\/05\/Mes-regles-ma-bataille-300x98.jpg 300w, https:\/\/cieatoutrompre.fr\/wp-content\/uploads\/2024\/05\/Mes-regles-ma-bataille.jpg 720w\" sizes=\"auto, (max-width: 300px) 100vw, 300px\" \/><\/a><\/div><a class=\"wp-block-latest-posts__post-title\" href=\"https:\/\/cieatoutrompre.fr\/index.php\/2023\/06\/01\/mes-regles-ma-bataille\/\">Mes r\u00e8gles ma bataille<\/a><div class=\"wp-block-latest-posts__post-excerpt\">Performance, \u00e0 l&rsquo;occasion de la journ\u00e9e de lutte contre la pr\u00e9carit\u00e9 menstruelle.<\/div><\/li>\n<li><div class=\"wp-block-latest-posts__featured-image\"><a href=\"https:\/\/cieatoutrompre.fr\/index.php\/2018\/07\/01\/meme-combat\/\" aria-label=\"M\u00eame combat\"><img loading=\"lazy\" decoding=\"async\" width=\"300\" height=\"77\" src=\"https:\/\/cieatoutrompre.fr\/wp-content\/uploads\/2024\/05\/Meme-combat-juillet2018-1-e1712997603551-300x77.jpg\" class=\"attachment-medium size-medium wp-post-image\" alt=\"M\u00eame combat-Compagnie A Tout Rompre- Reims- Th\u00e9\u00e2tre- https:\/\/cieatoutrompre.fr\" style=\"max-width:300px;max-height:300px;\" srcset=\"https:\/\/cieatoutrompre.fr\/wp-content\/uploads\/2024\/05\/Meme-combat-juillet2018-1-e1712997603551-300x77.jpg 300w, https:\/\/cieatoutrompre.fr\/wp-content\/uploads\/2024\/05\/Meme-combat-juillet2018-1-e1712997603551.jpg 720w\" sizes=\"auto, (max-width: 300px) 100vw, 300px\" \/><\/a><\/div><a class=\"wp-block-latest-posts__post-title\" href=\"https:\/\/cieatoutrompre.fr\/index.php\/2018\/07\/01\/meme-combat\/\">M\u00eame combat<\/a><div class=\"wp-block-latest-posts__post-excerpt\">Quand le Coup\u00e9 D\u00e9cal\u00e9 rencontre Jean Racine.<\/div><\/li>\n<\/ul>","protected":false},"excerpt":{"rendered":"<p>Nouveaux Anciens<\/p>\n","protected":false},"author":1,"featured_media":0,"parent":0,"menu_order":0,"comment_status":"closed","ping_status":"closed","template":"","meta":{"footnotes":""},"class_list":["post-993","page","type-page","status-publish","hentry"],"_links":{"self":[{"href":"https:\/\/cieatoutrompre.fr\/index.php\/wp-json\/wp\/v2\/pages\/993","targetHints":{"allow":["GET"]}}],"collection":[{"href":"https:\/\/cieatoutrompre.fr\/index.php\/wp-json\/wp\/v2\/pages"}],"about":[{"href":"https:\/\/cieatoutrompre.fr\/index.php\/wp-json\/wp\/v2\/types\/page"}],"author":[{"embeddable":true,"href":"https:\/\/cieatoutrompre.fr\/index.php\/wp-json\/wp\/v2\/users\/1"}],"replies":[{"embeddable":true,"href":"https:\/\/cieatoutrompre.fr\/index.php\/wp-json\/wp\/v2\/comments?post=993"}],"version-history":[{"count":8,"href":"https:\/\/cieatoutrompre.fr\/index.php\/wp-json\/wp\/v2\/pages\/993\/revisions"}],"predecessor-version":[{"id":1557,"href":"https:\/\/cieatoutrompre.fr\/index.php\/wp-json\/wp\/v2\/pages\/993\/revisions\/1557"}],"wp:attachment":[{"href":"https:\/\/cieatoutrompre.fr\/index.php\/wp-json\/wp\/v2\/media?parent=993"}],"curies":[{"name":"wp","href":"https:\/\/api.w.org\/{rel}","templated":true}]}}