{"id":9,"date":"2023-10-07T13:14:57","date_gmt":"2023-10-07T13:14:57","guid":{"rendered":"http:\/\/compagnie-a-tout-rompre.local\/?page_id=9"},"modified":"2025-08-19T17:55:26","modified_gmt":"2025-08-19T15:55:26","slug":"accueil","status":"publish","type":"page","link":"https:\/\/cieatoutrompre.fr\/index.php\/accueil\/","title":{"rendered":"Cie \u00c0 Tout Rompre"},"content":{"rendered":"\n<div class=\"wp-block-media-text alignfull has-media-on-the-right is-stacked-on-mobile is-vertically-aligned-center is-image-fill-element has-background\" style=\"background:linear-gradient(135deg,rgb(238,238,238) 0%,rgb(89,76,76) 30%,rgb(169,184,195) 100%)\"><div class=\"wp-block-media-text__content\">\n<div class=\"wp-block-group has-small-font-size\" style=\"padding-top:2em;padding-right:2em;padding-bottom:2em;padding-left:2em\"><div class=\"wp-block-group__inner-container is-layout-flow wp-block-group-is-layout-flow\">\n<p style=\"text-align: center;\">Aujourdhui install\u00e9e \u00e0 <strong><span style=\"color: #ff0000;\">Reims<\/span><\/strong>, la compagnie cherche en priorit\u00e9 \u00e0 composer avec une mati\u00e8re brute : inspir\u00e9e du r\u00e9el et des sujets forts actuels, l\u2019<span style=\"color: #ff0000;\"><a style=\"color: #ff0000;\" href=\"http:\/\/compagnie-a-tout-rompre.local\/equipe\/\" target=\"_blank\" rel=\"noopener\">\u00e9quipe<\/a> <\/span>d\u2019<strong><span style=\"color: #ff0000;\">\u00c0 Tout Rompre<\/span><\/strong> compose plusieurs spectacles autour de nombreuses th\u00e9matiques : le harc\u00e8lement scolaire, la p\u00e9dophilie, le f\u00e9minisme, la l\u00e9gitimit\u00e9, le consentement\u2026 Par ailleurs, la compagnie s&rsquo;investit dans plusieurs cr\u00e9ations collectives aupr\u00e8s d\u2019\u00e9quipes d\u00e9couvrant le th\u00e9\u00e2tre pour la premi\u00e8re fois, mais aussi aupr\u00e8s de plusieurs structures accueillant des enfants et des adultes en situation de handicap (IME, Foyers d\u2019accueil m\u00e9dicalis\u00e9s\u2026)<\/p>\n<\/div><\/div>\n<\/div><figure class=\"wp-block-media-text__media\"><img loading=\"lazy\" decoding=\"async\" width=\"1024\" height=\"768\" src=\"http:\/\/cieatoutrompre.fr\/wp-content\/uploads\/2025\/08\/Photo-ATR-1024x768.jpg\" alt=\"Compagnie A Tout Rompre- Reims- Th\u00e9\u00e2tre- https:\/\/cieatoutrompre.fr\" class=\"wp-image-1517 size-full\" style=\"object-position:50% 50%\" srcset=\"https:\/\/cieatoutrompre.fr\/wp-content\/uploads\/2025\/08\/Photo-ATR-1024x768.jpg 1024w, https:\/\/cieatoutrompre.fr\/wp-content\/uploads\/2025\/08\/Photo-ATR-300x225.jpg 300w, https:\/\/cieatoutrompre.fr\/wp-content\/uploads\/2025\/08\/Photo-ATR-768x576.jpg 768w, https:\/\/cieatoutrompre.fr\/wp-content\/uploads\/2025\/08\/Photo-ATR.jpg 1159w\" sizes=\"auto, (max-width: 1024px) 100vw, 1024px\" \/><\/figure><\/div>\n\n\n\n<div class=\"wp-block-media-text alignfull is-stacked-on-mobile is-vertically-aligned-center is-image-fill-element has-background\" style=\"background:linear-gradient(135deg,rgb(238,238,238) 0%,rgb(112,111,111) 64%,rgb(169,184,195) 100%)\"><figure class=\"wp-block-media-text__media\"><img loading=\"lazy\" decoding=\"async\" width=\"1024\" height=\"768\" src=\"http:\/\/cieatoutrompre.fr\/wp-content\/uploads\/2024\/05\/PAGE-CI-A-TOUT-ROMPRE-Rencard-ou-cocard-1024x768.jpg\" alt=\"Rencard-ou-cocard-Compagnie A Tout Rompre- Reims- Th\u00e9\u00e2tre- https:\/\/cieatoutrompre.fr\" class=\"wp-image-1133 size-full\" style=\"object-position:50% 50%\" srcset=\"https:\/\/cieatoutrompre.fr\/wp-content\/uploads\/2024\/05\/PAGE-CI-A-TOUT-ROMPRE-Rencard-ou-cocard-1024x768.jpg 1024w, https:\/\/cieatoutrompre.fr\/wp-content\/uploads\/2024\/05\/PAGE-CI-A-TOUT-ROMPRE-Rencard-ou-cocard-300x225.jpg 300w, https:\/\/cieatoutrompre.fr\/wp-content\/uploads\/2024\/05\/PAGE-CI-A-TOUT-ROMPRE-Rencard-ou-cocard-768x576.jpg 768w, https:\/\/cieatoutrompre.fr\/wp-content\/uploads\/2024\/05\/PAGE-CI-A-TOUT-ROMPRE-Rencard-ou-cocard-1200x900.jpg 1200w, https:\/\/cieatoutrompre.fr\/wp-content\/uploads\/2024\/05\/PAGE-CI-A-TOUT-ROMPRE-Rencard-ou-cocard.jpg 1440w\" sizes=\"auto, (max-width: 1024px) 100vw, 1024px\" \/><\/figure><div class=\"wp-block-media-text__content\">\n<div class=\"wp-block-group has-small-font-size\" style=\"padding-top:2em;padding-right:2em;padding-bottom:2em;padding-left:2em\"><div class=\"wp-block-group__inner-container is-layout-flow wp-block-group-is-layout-flow\">\n<p style=\"text-align: center;\">En parall\u00e8le, le <span style=\"color: #ff0000;\"><a style=\"color: #ff0000;\" href=\"https:\/\/www.crous-reims.fr\/\" target=\"_blank\" rel=\"noopener\"><strong>CROUS de Reims<\/strong><\/a><\/span> a sollicit\u00e9 la compagnie \u00c0 Tout Rompre pour un partenariat : tout au long de l&rsquo;ann\u00e9e scolaire, une \u00e9quipe d&rsquo;\u00e9tudiantes et \u00e9tudiants (\u201c<a href=\"https:\/\/www.instagram.com\/rencard_ou_cocard_theatre\/\" target=\"_blank\" rel=\"noopener\"><strong><span style=\"color: #ff0000;\">Rencard ou cocard<\/span><\/strong><\/a>\u201d) se r\u00e9unit afin de mettre en place plusieurs cr\u00e9ations en lien avec les th\u00e9matiques suivantes : les violences sexistes et sexuelles, la journ\u00e9e internationale des droits des femmes, les droits LGBTQIA+&#8230; De janvier 2022 \u00e0 juin 2024, les \u00e9tudiantes et \u00e9tudiants et la compagnie \u00c0 Tout Rompre se mobilisent avec comme objectif d&rsquo;aller \u00e0 la rencontre de diff\u00e9rents \u00e9tablissements scolaires, mais aussi d&rsquo;organiser des d\u00e9bats men\u00e9s par la responsable du service social du CROUS apr\u00e8s chaque repr\u00e9sentation.<\/p>\n<\/div><\/div>\n<\/div><\/div>\n\n\n\n<div class=\"wp-block-media-text alignfull has-media-on-the-right is-stacked-on-mobile is-vertically-aligned-center is-image-fill-element has-background\" style=\"background:linear-gradient(135deg,rgb(238,238,238) 0%,rgb(89,76,76) 30%,rgb(169,184,195) 100%)\"><div class=\"wp-block-media-text__content\">\n<div class=\"wp-block-group has-small-font-size\" style=\"padding-top:2em;padding-right:2em;padding-bottom:2em;padding-left:2em\"><div class=\"wp-block-group__inner-container is-layout-flow wp-block-group-is-layout-flow\">\n<p style=\"text-align: center;\">Enfin, la Compagnie \u00c0 Tout Rompre est partenaire d\u2019une cr\u00e9ation belge \u201c<a href=\"https:\/\/www.artcena.fr\/agendas\/spectacles\/des-gens-au-travail\" target=\"_blank\" rel=\"noopener\"><strong><span style=\"color: #ff0000;\">Des gens au travail<\/span><\/strong><\/a>\u201d (anciennement \u00ab\u00a0Personne ne sort les fusils) : \u00e0 partir du proc\u00e8s France T\u00e9l\u00e9com, elle explore comment des politiques de management brutales peuvent d\u00e9truire des vies et s\u2019infiltrer jusque dans l\u2019intime. Cinq acteur\u00b7ices incarnent les t\u00e9moignages et documents du proc\u00e8s pour r\u00e9v\u00e9ler, sur sc\u00e8ne, les m\u00e9canismes invisibles de cette violence ordinaire.<\/p>\n<\/div><\/div>\n<\/div><figure class=\"wp-block-media-text__media\"><img loading=\"lazy\" decoding=\"async\" width=\"1024\" height=\"683\" src=\"http:\/\/cieatoutrompre.fr\/wp-content\/uploads\/2024\/05\/PAGE-CIE-A-TOUT-ROMPRE-Personne-ne-sort-les-fusils-1024x683.jpg\" alt=\"Personne-ne-sort-les-fusils-Compagnie A Tout Rompre- Reims- Th\u00e9\u00e2tre- https:\/\/cieatoutrompre.fr\" class=\"wp-image-1132 size-full\" style=\"object-position:50% 50%\" srcset=\"https:\/\/cieatoutrompre.fr\/wp-content\/uploads\/2024\/05\/PAGE-CIE-A-TOUT-ROMPRE-Personne-ne-sort-les-fusils-1024x683.jpg 1024w, https:\/\/cieatoutrompre.fr\/wp-content\/uploads\/2024\/05\/PAGE-CIE-A-TOUT-ROMPRE-Personne-ne-sort-les-fusils-300x200.jpg 300w, https:\/\/cieatoutrompre.fr\/wp-content\/uploads\/2024\/05\/PAGE-CIE-A-TOUT-ROMPRE-Personne-ne-sort-les-fusils-768x512.jpg 768w, https:\/\/cieatoutrompre.fr\/wp-content\/uploads\/2024\/05\/PAGE-CIE-A-TOUT-ROMPRE-Personne-ne-sort-les-fusils.jpg 1080w\" sizes=\"auto, (max-width: 1024px) 100vw, 1024px\" \/><\/figure><\/div>\n\n\n\n<div class=\"wp-block-media-text alignfull is-stacked-on-mobile is-vertically-aligned-center is-image-fill-element has-background\" style=\"background:linear-gradient(135deg,rgb(238,238,238) 0%,rgb(112,111,111) 64%,rgb(169,184,195) 100%)\"><figure class=\"wp-block-media-text__media\"><img loading=\"lazy\" decoding=\"async\" width=\"1024\" height=\"805\" src=\"http:\/\/cieatoutrompre.fr\/wp-content\/uploads\/2024\/05\/PAGE-CI-A-TOUT-ROMPRE-LES-RETROUVAILLES-representation-espace-Thierry-Meng-Betheny-octobre-2023-1024x805.jpg\" alt=\"LES-RETROUVAILLES-Compagnie A Tout Rompre- Reims- Th\u00e9\u00e2tre- https:\/\/cieatoutrompre.fr\" class=\"wp-image-1131 size-full\" style=\"object-position:50% 50%\" srcset=\"https:\/\/cieatoutrompre.fr\/wp-content\/uploads\/2024\/05\/PAGE-CI-A-TOUT-ROMPRE-LES-RETROUVAILLES-representation-espace-Thierry-Meng-Betheny-octobre-2023-1024x805.jpg 1024w, https:\/\/cieatoutrompre.fr\/wp-content\/uploads\/2024\/05\/PAGE-CI-A-TOUT-ROMPRE-LES-RETROUVAILLES-representation-espace-Thierry-Meng-Betheny-octobre-2023-300x236.jpg 300w, https:\/\/cieatoutrompre.fr\/wp-content\/uploads\/2024\/05\/PAGE-CI-A-TOUT-ROMPRE-LES-RETROUVAILLES-representation-espace-Thierry-Meng-Betheny-octobre-2023-768x604.jpg 768w, https:\/\/cieatoutrompre.fr\/wp-content\/uploads\/2024\/05\/PAGE-CI-A-TOUT-ROMPRE-LES-RETROUVAILLES-representation-espace-Thierry-Meng-Betheny-octobre-2023-1536x1208.jpg 1536w, https:\/\/cieatoutrompre.fr\/wp-content\/uploads\/2024\/05\/PAGE-CI-A-TOUT-ROMPRE-LES-RETROUVAILLES-representation-espace-Thierry-Meng-Betheny-octobre-2023-1200x943.jpg 1200w, https:\/\/cieatoutrompre.fr\/wp-content\/uploads\/2024\/05\/PAGE-CI-A-TOUT-ROMPRE-LES-RETROUVAILLES-representation-espace-Thierry-Meng-Betheny-octobre-2023-1980x1557.jpg 1980w, https:\/\/cieatoutrompre.fr\/wp-content\/uploads\/2024\/05\/PAGE-CI-A-TOUT-ROMPRE-LES-RETROUVAILLES-representation-espace-Thierry-Meng-Betheny-octobre-2023.jpg 2048w\" sizes=\"auto, (max-width: 1024px) 100vw, 1024px\" \/><\/figure><div class=\"wp-block-media-text__content\">\n<div class=\"wp-block-group has-small-font-size\" style=\"padding-top:2em;padding-right:2em;padding-bottom:2em;padding-left:2em\"><div class=\"wp-block-group__inner-container is-layout-flow wp-block-group-is-layout-flow\">\n<p style=\"text-align: center;\">De la salle traditionnelle de th\u00e9\u00e2tre \u00e0 la repr\u00e9sentation en plein air, passant \u00e9galement par les lieux alternatifs, la compagnie s\u2019empare autant que possible de tous les espaces, quels qu\u2019ils soient. Le ma\u00eetre mot de notre d\u00e9marche est l\u2019\u00ab ici et maintenant \u00bb, cherchant toujours \u00e0 tourner \u00e0 notre avantage les impr\u00e9vus et les lieux qui semblent \u00eatre inaccessibles.<\/p>\n<\/div><\/div>\n<\/div><\/div>\n","protected":false},"excerpt":{"rendered":"","protected":false},"author":1,"featured_media":50,"parent":0,"menu_order":0,"comment_status":"closed","ping_status":"closed","template":"","meta":{"footnotes":""},"class_list":["post-9","page","type-page","status-publish","has-post-thumbnail","hentry"],"_links":{"self":[{"href":"https:\/\/cieatoutrompre.fr\/index.php\/wp-json\/wp\/v2\/pages\/9","targetHints":{"allow":["GET"]}}],"collection":[{"href":"https:\/\/cieatoutrompre.fr\/index.php\/wp-json\/wp\/v2\/pages"}],"about":[{"href":"https:\/\/cieatoutrompre.fr\/index.php\/wp-json\/wp\/v2\/types\/page"}],"author":[{"embeddable":true,"href":"https:\/\/cieatoutrompre.fr\/index.php\/wp-json\/wp\/v2\/users\/1"}],"replies":[{"embeddable":true,"href":"https:\/\/cieatoutrompre.fr\/index.php\/wp-json\/wp\/v2\/comments?post=9"}],"version-history":[{"count":5,"href":"https:\/\/cieatoutrompre.fr\/index.php\/wp-json\/wp\/v2\/pages\/9\/revisions"}],"predecessor-version":[{"id":1555,"href":"https:\/\/cieatoutrompre.fr\/index.php\/wp-json\/wp\/v2\/pages\/9\/revisions\/1555"}],"wp:featuredmedia":[{"embeddable":true,"href":"https:\/\/cieatoutrompre.fr\/index.php\/wp-json\/"}],"wp:attachment":[{"href":"https:\/\/cieatoutrompre.fr\/index.php\/wp-json\/wp\/v2\/media?parent=9"}],"curies":[{"name":"wp","href":"https:\/\/api.w.org\/{rel}","templated":true}]}}