{"id":24,"date":"2023-10-07T13:19:17","date_gmt":"2023-10-07T13:19:17","guid":{"rendered":"http:\/\/compagnie-a-tout-rompre.local\/?page_id=24"},"modified":"2026-04-09T15:53:24","modified_gmt":"2026-04-09T13:53:24","slug":"equipe","status":"publish","type":"page","link":"https:\/\/cieatoutrompre.fr\/index.php\/equipe\/","title":{"rendered":"\u00c9quipe"},"content":{"rendered":"\n<div style=\"height:11px\" aria-hidden=\"true\" class=\"wp-block-spacer\"><\/div>\n\n\n\n<div class=\"wp-block-columns alignwide is-layout-flex wp-container-core-columns-is-layout-9d6595d7 wp-block-columns-is-layout-flex\">\n<div class=\"wp-block-column is-layout-flow wp-block-column-is-layout-flow\">\n<h2 class=\"wp-block-heading alignwide has-text-align-center has-primary-color has-text-color has-link-color wp-elements-726698be57a13b25fe8ce77970141f27\">Justine Rouet Chabaux<\/h2>\n\n\n\n<h4 style=\"text-align: center;\"><span style=\"color: #ffffff;\">com\u00e9dienne et metteuse en sc\u00e8ne<\/span><\/h4>\n\n\n\n<div class=\"wp-block-group alignfull\"><div class=\"wp-block-group__inner-container is-layout-flow wp-block-group-is-layout-flow\">\n<figure class=\"wp-block-image alignwide size-large is-style-rounded\"><img loading=\"lazy\" decoding=\"async\" width=\"1024\" height=\"953\" src=\"http:\/\/cieatoutrompre.fr\/wp-content\/uploads\/2024\/05\/Justine-Rouet-Chabaux-scaled-e1700938918900-1024x953.jpg\" alt=\"Compagnie A Tout Rompre-Reims- Th\u00e9\u00e2tre- https:\/\/cieatoutrompre.fr\" class=\"wp-image-1158\" srcset=\"https:\/\/cieatoutrompre.fr\/wp-content\/uploads\/2024\/05\/Justine-Rouet-Chabaux-scaled-e1700938918900-1024x953.jpg 1024w, https:\/\/cieatoutrompre.fr\/wp-content\/uploads\/2024\/05\/Justine-Rouet-Chabaux-scaled-e1700938918900-300x279.jpg 300w, https:\/\/cieatoutrompre.fr\/wp-content\/uploads\/2024\/05\/Justine-Rouet-Chabaux-scaled-e1700938918900-768x714.jpg 768w, https:\/\/cieatoutrompre.fr\/wp-content\/uploads\/2024\/05\/Justine-Rouet-Chabaux-scaled-e1700938918900-1536x1429.jpg 1536w, https:\/\/cieatoutrompre.fr\/wp-content\/uploads\/2024\/05\/Justine-Rouet-Chabaux-scaled-e1700938918900-1200x1116.jpg 1200w, https:\/\/cieatoutrompre.fr\/wp-content\/uploads\/2024\/05\/Justine-Rouet-Chabaux-scaled-e1700938918900.jpg 1706w\" sizes=\"auto, (max-width: 1024px) 100vw, 1024px\" \/><\/figure>\n<\/div><\/div>\n\n\n\n<p dir=\"ltr\" style=\"text-align: center;\"><span style=\"color: #ffffff;\">Justine Rouet Chabaux est form\u00e9e tout d\u2019abord au Conservatoire de Metz en th\u00e9\u00e2tre et en danse, puis elle termine sa formation au sein du Conservatoire du XIV\u00e8me arrondissement de Paris.Tout au long de ces ann\u00e9es elle acquiert en parall\u00e8le une exp\u00e9rience de l\u2019enseignement du th\u00e9\u00e2tre : elle est engag\u00e9e pendant plusieurs ann\u00e9es par la Mairie de Paris pour intervenir en \u00e9coles primaires, puis \u00e9galement dans plusieurs th\u00e9\u00e2tres pour diriger des stages pour ados et adultes. En tant que com\u00e9dienne, c\u2019est en 2013 que le prix de \u00abmeilleure actrice \u00bb lui est d\u00e9cern\u00e9 par le festival de Cabourg. En 2015, elle fonde la<\/span> <span style=\"color: #ff0000;\"><a style=\"color: #ff0000;\" href=\"http:\/\/compagnie-a-tout-rompre.local\/accueil\/\">Compagnie \u00c0 Tout Rompre<\/a><\/span> <span style=\"color: #ffffff;\">avec laquelle elle porte plusieurs cr\u00e9ations et adaptations en tant que metteure en sc\u00e8ne, com\u00e9dienne et autrice. Depuis deux ans, elle met en place plusieurs cr\u00e9ations dans diff\u00e9rentes structures r\u00e9moises, ainsi que dans des instituts accueillant des personnes en situation de handicap.<\/span><\/p>\n\n\n\n<figure class=\"wp-block-audio\"><audio controls src=\"https:\/\/cieatoutrompre.fr\/wp-content\/uploads\/2024\/05\/Interview-Justine-ROUET-CHABAUX-par-Pauline-B.mp3\"><\/audio><\/figure>\n\n\n\n<div style=\"height:13px\" aria-hidden=\"true\" class=\"wp-block-spacer\"><\/div>\n\n\n\n<h2 class=\"wp-block-heading has-text-align-center has-primary-color has-text-color has-link-color wp-elements-1dd53c183420ac3cf37db8fc6ed750d3\">Emilien Decoudre<\/h2>\n\n\n\n<h4 style=\"text-align: center;\"><span style=\"color: #ffffff;\">tr\u00e9sorier de l&rsquo;association<\/span><\/h4>\n\n\n\n<figure class=\"wp-block-image alignwide size-large is-style-rounded\"><img loading=\"lazy\" decoding=\"async\" width=\"1024\" height=\"956\" src=\"http:\/\/cieatoutrompre.fr\/wp-content\/uploads\/2024\/05\/Emilien-Decoudre-scaled-e1700993448306-1024x956.jpg\" alt=\"Compagnie A Tout Rompre-Reims- Th\u00e9\u00e2tre- https:\/\/cieatoutrompre.fr\" class=\"wp-image-1156\" srcset=\"https:\/\/cieatoutrompre.fr\/wp-content\/uploads\/2024\/05\/Emilien-Decoudre-scaled-e1700993448306-1024x956.jpg 1024w, https:\/\/cieatoutrompre.fr\/wp-content\/uploads\/2024\/05\/Emilien-Decoudre-scaled-e1700993448306-300x280.jpg 300w, https:\/\/cieatoutrompre.fr\/wp-content\/uploads\/2024\/05\/Emilien-Decoudre-scaled-e1700993448306-768x717.jpg 768w, https:\/\/cieatoutrompre.fr\/wp-content\/uploads\/2024\/05\/Emilien-Decoudre-scaled-e1700993448306.jpg 1083w\" sizes=\"auto, (max-width: 1024px) 100vw, 1024px\" \/><\/figure>\n\n\n\n<p style=\"text-align: center;\"><span style=\"color: #ffffff;\">\u00c9milien Decoudre commence sa formation aupr\u00e8s de G\u00e9rard Savoisien avant d&rsquo;int\u00e9grer le conservatoire du 14\u00e8me arrondissement de Paris. C&rsquo;est durant sa formation qu&rsquo;il termine sa formation avec des cours d\u2019interpr\u00e9tation, d&rsquo;\u00e9criture et de mise en sc\u00e8ne. Travaillant sous la direction de G\u00e9rard Savoisien, Nathalie B\u00e9cue, et Didier Girauldon, <\/span><br \/><span style=\"color: #ffffff;\">\u00c9milien Decoudre est com\u00e9dien, auteur, et r\u00e9gisseur plateau, il est investi dans toutes les cr\u00e9ations de la compagnie.<\/span><\/p>\n\n\n\n<div style=\"height:61px\" aria-hidden=\"true\" class=\"wp-block-spacer\"><\/div>\n\n\n\n<h2 class=\"wp-block-heading has-text-align-center has-primary-color has-text-color has-link-color wp-elements-dd5e0eeabf074c40e1eeeaf4ee8f49ff\">Pauline Billonneau<\/h2>\n\n\n\n<h4 style=\"text-align: center;\"><span style=\"color: #ffffff;\">com\u00e9dienne et charg\u00e9e de production<\/span><\/h4>\n\n\n\n<figure class=\"wp-block-image alignwide size-full is-style-rounded\"><img loading=\"lazy\" decoding=\"async\" width=\"687\" height=\"687\" src=\"http:\/\/cieatoutrompre.fr\/wp-content\/uploads\/2024\/05\/IMG_20230817_140227.jpg\" alt=\"\" class=\"wp-image-1153\" srcset=\"https:\/\/cieatoutrompre.fr\/wp-content\/uploads\/2024\/05\/IMG_20230817_140227.jpg 687w, https:\/\/cieatoutrompre.fr\/wp-content\/uploads\/2024\/05\/IMG_20230817_140227-300x300.jpg 300w, https:\/\/cieatoutrompre.fr\/wp-content\/uploads\/2024\/05\/IMG_20230817_140227-150x150.jpg 150w\" sizes=\"auto, (max-width: 687px) 100vw, 687px\" \/><\/figure>\n\n\n\n<p style=\"text-align: center;\"><span style=\"color: #ffffff;\">Dipl\u00f4m\u00e9e d&rsquo;un master th\u00e9\u00e2tre et sc\u00e8ne de l&rsquo;universit\u00e9 de Reims Champagne Ardenne, elle est charg\u00e9e de production au sein de la compagnie <span style=\"color: #ff0000;\"><a style=\"color: #ff0000;\" href=\"http:\/\/compagnie-a-tout-rompre.local\/accueil\/\" target=\"_blank\" rel=\"noopener\">\u00c0 Tout Rompre<\/a><\/span>. Egalement com\u00e9dienne et metteuse en sc\u00e8ne, elle anime des ateliers \u00e0 destination des adolescents, des \u00e9tudiants et des adultes.<\/span><\/p>\n\n\n\n<div style=\"height:27px\" aria-hidden=\"true\" class=\"wp-block-spacer\"><\/div>\n\n\n\n<h2 class=\"wp-block-heading has-text-align-center has-primary-color has-text-color has-link-color wp-elements-89d9f1a7eb0c7504411661ee0ce40eb3\">Fabrice Simon<\/h2>\n\n\n\n<h4 style=\"text-align: center;\"><span style=\"color: #ffffff;\">com\u00e9dien et graphiste<\/span><\/h4>\n\n\n\n<figure class=\"wp-block-image alignwide size-large is-style-rounded\"><img loading=\"lazy\" decoding=\"async\" width=\"1024\" height=\"917\" src=\"http:\/\/cieatoutrompre.fr\/wp-content\/uploads\/2024\/05\/Fabrice-Simon-e1700993479873-1024x917.jpg\" alt=\"Compagnie A Tout Rompre-Reims- Th\u00e9\u00e2tre- https:\/\/cieatoutrompre.fr\" class=\"wp-image-1154\" srcset=\"https:\/\/cieatoutrompre.fr\/wp-content\/uploads\/2024\/05\/Fabrice-Simon-e1700993479873-1024x917.jpg 1024w, https:\/\/cieatoutrompre.fr\/wp-content\/uploads\/2024\/05\/Fabrice-Simon-e1700993479873-300x269.jpg 300w, https:\/\/cieatoutrompre.fr\/wp-content\/uploads\/2024\/05\/Fabrice-Simon-e1700993479873-768x688.jpg 768w, https:\/\/cieatoutrompre.fr\/wp-content\/uploads\/2024\/05\/Fabrice-Simon-e1700993479873.jpg 1200w\" sizes=\"auto, (max-width: 1024px) 100vw, 1024px\" \/><\/figure>\n\n\n\n<p style=\"text-align: center;\"><span style=\"color: #ffffff;\">Fabrice Simon est form\u00e9 jusqu&rsquo;\u00e0 ces 20 ans au Conservatoire d&rsquo;Antony, dans lequel il obtient le second prix d&rsquo;interpr\u00e9tation lors des concours des Conservatoires des Hauts de Seine. Il termine sa formation aux Ateliers de L&rsquo;Ouest \u00e0 Paris. Depuis quinze ans, Fabrice Simon interpr\u00e8te de nombreux r\u00f4les au th\u00e9\u00e2tre, essentiellement dans des com\u00e9dies, que ce soit au Festival d&rsquo;Avignon, \u00e0 Paris, et en tourn\u00e9e dans toute la France.<\/span><\/p>\n\n\n\n<div style=\"height:27px\" aria-hidden=\"true\" class=\"wp-block-spacer\"><\/div>\n\n\n\n<h2 class=\"wp-block-heading has-text-align-center has-primary-color has-text-color has-link-color wp-elements-eb6f9ff2c41add9f732474419f0ae59e\">Gino Bobba<\/h2>\n\n\n\n<h4 style=\"text-align: center;\"><span style=\"color: #ffffff;\">com\u00e9dien, r\u00e9alisateur et auteur<\/span><\/h4>\n\n\n\n<figure class=\"wp-block-image alignwide size-full is-style-rounded\"><img loading=\"lazy\" decoding=\"async\" width=\"770\" height=\"783\" src=\"http:\/\/cieatoutrompre.fr\/wp-content\/uploads\/2026\/03\/2072076.1024-1-e1773141683441.jpg\" alt=\"Compagnie A Tout Rompre- Reims- Th\u00e9\u00e2tre- Gino Bobba- https:\/\/cieatoutrompre.fr\" class=\"wp-image-1720\" srcset=\"https:\/\/cieatoutrompre.fr\/wp-content\/uploads\/2026\/03\/2072076.1024-1-e1773141683441.jpg 770w, https:\/\/cieatoutrompre.fr\/wp-content\/uploads\/2026\/03\/2072076.1024-1-e1773141683441-295x300.jpg 295w, https:\/\/cieatoutrompre.fr\/wp-content\/uploads\/2026\/03\/2072076.1024-1-e1773141683441-768x781.jpg 768w\" sizes=\"auto, (max-width: 770px) 100vw, 770px\" \/><\/figure>\n\n\n\n<p style=\"text-align: center;\"><span style=\"color: #ffffff;\">Gino travaille avec la compagnie <strong>\u00c0 Tout Rompre<\/strong> sur le spectacle <em>L\u2019amour est un long fleuve tranquille ?!<\/em> en tant qu\u2019interpr\u00e8te et co-auteur.<\/span><\/p>\n<p style=\"text-align: center;\"><span style=\"color: #ffffff;\">Form\u00e9 tr\u00e8s t\u00f4t \u00e0 l\u2019\u00c9cole de th\u00e9\u00e2tre de Reims, il d\u00e9veloppe un travail d\u2019acteur guid\u00e9 par la recherche d\u2019une pr\u00e9sence juste, instinctive et engag\u00e9e. Curieux des langages et des formes, il navigue entre th\u00e9\u00e2tre, cin\u00e9ma et \u00e9crans, tout en poursuivant sa formation artistique, notamment par le chant.<\/span><\/p>\n<p style=\"text-align: center;\"><span style=\"color: #ffffff;\">Ces derniers mois ont marqu\u00e9 une acc\u00e9l\u00e9ration de son parcours avec plusieurs r\u00f4les au cin\u00e9ma et \u00e0 la t\u00e9l\u00e9vision, ainsi que des r\u00f4les principaux en publicit\u00e9, dont l\u2019un sous la direction d\u2019Yvan Attal.<\/span><\/p>\n<p style=\"text-align: center;\"><span style=\"color: #ffffff;\">Acteur solaire et profond\u00e9ment humain, Gino s\u2019investit dans les processus de cr\u00e9ation collective, o\u00f9 la recherche, le dialogue au plateau et l\u2019exp\u00e9rimentation occupent une place centrale.<\/span><\/p>\n<\/div>\n\n\n\n<div class=\"wp-block-column is-layout-flow wp-block-column-is-layout-flow\">\n<div style=\"height:8px\" aria-hidden=\"true\" class=\"wp-block-spacer\"><\/div>\n\n\n\n<div style=\"height:65px\" aria-hidden=\"true\" class=\"wp-block-spacer\"><\/div>\n\n\n\n<div class=\"wp-block-group\"><div class=\"wp-block-group__inner-container is-layout-flow wp-block-group-is-layout-flow\">\n<h2 class=\"wp-block-heading has-text-align-center has-primary-color has-text-color has-link-color wp-elements-9055b53976966ac8dfc0dcddbbe00964\">Marie Wanziniack&nbsp;Noel <\/h2>\n\n\n\n<h4 style=\"text-align: center;\"><span style=\"color: #ffffff;\">pr\u00e9sidente de l&rsquo;association\u00a0<\/span><\/h4>\n\n\n\n<figure class=\"wp-block-image alignwide size-full is-style-rounded\"><img loading=\"lazy\" decoding=\"async\" width=\"720\" height=\"720\" src=\"http:\/\/cieatoutrompre.fr\/wp-content\/uploads\/2024\/05\/Marie-Wanziniack-Noel.jpg\" alt=\"Compagnie A Tout Rompre-Reims- Th\u00e9\u00e2tre- https:\/\/cieatoutrompre.fr\" class=\"wp-image-1157\" srcset=\"https:\/\/cieatoutrompre.fr\/wp-content\/uploads\/2024\/05\/Marie-Wanziniack-Noel.jpg 720w, https:\/\/cieatoutrompre.fr\/wp-content\/uploads\/2024\/05\/Marie-Wanziniack-Noel-300x300.jpg 300w, https:\/\/cieatoutrompre.fr\/wp-content\/uploads\/2024\/05\/Marie-Wanziniack-Noel-150x150.jpg 150w\" sizes=\"auto, (max-width: 720px) 100vw, 720px\" \/><\/figure>\n\n\n\n<p style=\"text-align: center;\"><span style=\"color: #ffffff;\">Metteuse en sc\u00e8ne et com\u00e9dienne, Marie int\u00e8gre le Conservatoire de Metz en art dramatique en 2009, puis au conservatoire de Nancy en 2013 pour terminer en 2014. Elle joue dans<\/span> <a href=\"http:\/\/compagnie-a-tout-rompre.local\/leveil-du-printemps\/\"><span style=\"color: #ff0000;\">\u00ab\u00a0L&rsquo;\u00c9veil du printemps\u00a0\u00bb de Frank Wedekind<\/span><\/a> <span style=\"color: #ffffff;\">mis en sc\u00e8ne par Guillaume Vincent en 2010 au lyc\u00e9e La Mis\u00e9ricorde de Metz, dans \u00ab\u00a0La Fl\u00fbte enchant\u00e9e\u00a0\u00bb de Mozart mis en sc\u00e8ne par Daniel Mesguich en 2012 \u00e0 l&rsquo;Op\u00e9ra-Th\u00e9\u00e2tre de Metz M\u00e9tropole. Elle \u00e9crit et met en sc\u00e8ne \u00ab\u00a0In bocca al lupo\u00a0\u00bb, en 2012 au Th\u00e9\u00e2tre du Saulcy de Metz, une pi\u00e8ce franco-italienne. Elle \u00e9crit et r\u00e9alise \u00ab\u00a09 mois\u00a0\u00bb aux c\u00f4t\u00e9s d&rsquo;Aur\u00e9lien Munier en 2015-2017, produit par la compagnie Komorebi ; joue dans \u00ab\u00a0A la recherche de Leonardo\u00a0\u00bb, une pi\u00e8ce franco-italienne sur L\u00e9onard de Vinci mise en sc\u00e8ne par Bruno Lovadina de la compagnie italienne Bel Teatro en 2016. Elle \u00e9crit des textes qu&rsquo;elle slame et rappe sous le pseudonyme WANZ&rsquo;EM, elle s&rsquo;int\u00e9resse \u00e9galement \u00e0 la photographie et au montage. A la t\u00eate de la compagnie Komorebi depuis 2015, elle est porteuse de projets dont L&rsquo;\u00c9cole des femmes\u00a0\u00bb de Moli\u00e8re qu&rsquo;elle met en sc\u00e8ne pendant plusieurs ann\u00e9es.<\/span><\/p>\n\n\n\n<div style=\"height:11px\" aria-hidden=\"true\" class=\"wp-block-spacer\"><\/div>\n\n\n\n<div style=\"height:8px\" aria-hidden=\"true\" class=\"wp-block-spacer\"><\/div>\n\n\n\n<h2 class=\"wp-block-heading has-text-align-center has-primary-color has-text-color has-link-color wp-elements-6db7e3de22e151db2fe272805e972539\">Clo\u00e9 Chope <\/h2>\n\n\n\n<h4 class=\"wp-block-heading has-text-align-center has-primary-color has-text-color has-link-color wp-elements-3d7920f76ac531bf470a6da3c3a57741\">com\u00e9dienne et cr\u00e9atrice lumi\u00e8re<\/h4>\n<\/div><\/div>\n\n\n\n<figure class=\"wp-block-image alignwide size-full is-style-rounded\"><img loading=\"lazy\" decoding=\"async\" width=\"988\" height=\"988\" src=\"http:\/\/cieatoutrompre.fr\/wp-content\/uploads\/2024\/05\/Cloe-Chope.jpg\" alt=\"Compagnie A Tout Rompre-Reims- Th\u00e9\u00e2tre- https:\/\/cieatoutrompre.fr\" class=\"wp-image-1155\" srcset=\"https:\/\/cieatoutrompre.fr\/wp-content\/uploads\/2024\/05\/Cloe-Chope.jpg 988w, https:\/\/cieatoutrompre.fr\/wp-content\/uploads\/2024\/05\/Cloe-Chope-300x300.jpg 300w, https:\/\/cieatoutrompre.fr\/wp-content\/uploads\/2024\/05\/Cloe-Chope-150x150.jpg 150w, https:\/\/cieatoutrompre.fr\/wp-content\/uploads\/2024\/05\/Cloe-Chope-768x768.jpg 768w\" sizes=\"auto, (max-width: 988px) 100vw, 988px\" \/><\/figure>\n\n\n\n<p style=\"text-align: center;\"><span style=\"color: #ffffff;\">Clo\u00e9 Chope est cheffe op\u00e9ratrice, \u00e9clairagiste et assistante cam\u00e9ra en plus d&rsquo;\u00eatre com\u00e9dienne. Apr\u00e8s l\u2019obtention du dipl\u00f4me de BTS audiovisuel option image, elle int\u00e8gre en 2012 l\u2019\u00c9cole Nationale Sup\u00e9rieure Louis Lumi\u00e8re. Lors de cette formation, elle exp\u00e9rimente diff\u00e9rentes techniques de prise de vue, r\u00e9flexions esth\u00e9tiques et mise en pratique de la construction d\u2019une image par rapport \u00e0 un sc\u00e9nario (composition, lumi\u00e8re\u2026). Ce fut l\u2019occasion \u00e9galement pour elle de r\u00e9aliser divers courts m\u00e9trages. Dipl\u00f4m\u00e9e en 2015, elle devient assistante cam\u00e9ra sur des tournages de longs m\u00e9trages. Entre deux films, Clo\u00e9 Chope s&rsquo;investit dans la cr\u00e9ation lumi\u00e8re aussi bien dans des courts m\u00e9trages en tant que cheffe op\u00e9ratrice que dans le spectacle vivant. Compl\u00e9tant sa formation au Studio Pygmalion, Clo\u00e9 Chope participe \u00e0 plusieurs spectacles et performances \u00e0 Reims et en r\u00e9gion Parisienne.<\/span><\/p>\n\n\n\n<div style=\"height:23px\" aria-hidden=\"true\" class=\"wp-block-spacer\"><\/div>\n\n\n\n<h2 class=\"wp-block-heading has-text-align-center has-primary-color has-text-color has-link-color wp-elements-c1166eb5e7f9769faac9d3b3bab778bd\">Th\u00e9o Rousseau<\/h2>\n\n\n\n<h4 class=\"wp-block-heading has-text-align-center has-primary-color has-text-color has-link-color wp-elements-6804ed9152ff2144da2ad44068e1de5b\">cr\u00e9ateur lumi\u00e8re, photographe et r\u00e9alisateur<\/h4>\n\n\n\n<figure class=\"wp-block-image alignwide size-full is-style-rounded\"><img loading=\"lazy\" decoding=\"async\" width=\"1348\" height=\"1348\" src=\"http:\/\/cieatoutrompre.fr\/wp-content\/uploads\/2024\/05\/310958557_2028960323959310_6595507065791249684_n-1-1-e1712249773617.jpg\" alt=\"Compagnie A Tout Rompre-Reims- Th\u00e9\u00e2tre- https:\/\/cieatoutrompre.fr\" class=\"wp-image-1152\" srcset=\"https:\/\/cieatoutrompre.fr\/wp-content\/uploads\/2024\/05\/310958557_2028960323959310_6595507065791249684_n-1-1-e1712249773617.jpg 1348w, https:\/\/cieatoutrompre.fr\/wp-content\/uploads\/2024\/05\/310958557_2028960323959310_6595507065791249684_n-1-1-e1712249773617-300x300.jpg 300w, https:\/\/cieatoutrompre.fr\/wp-content\/uploads\/2024\/05\/310958557_2028960323959310_6595507065791249684_n-1-1-e1712249773617-1024x1024.jpg 1024w, https:\/\/cieatoutrompre.fr\/wp-content\/uploads\/2024\/05\/310958557_2028960323959310_6595507065791249684_n-1-1-e1712249773617-150x150.jpg 150w, https:\/\/cieatoutrompre.fr\/wp-content\/uploads\/2024\/05\/310958557_2028960323959310_6595507065791249684_n-1-1-e1712249773617-768x768.jpg 768w, https:\/\/cieatoutrompre.fr\/wp-content\/uploads\/2024\/05\/310958557_2028960323959310_6595507065791249684_n-1-1-e1712249773617-1200x1200.jpg 1200w\" sizes=\"auto, (max-width: 1348px) 100vw, 1348px\" \/><\/figure>\n\n\n\n<p style=\"text-align: left;\"><span style=\"color: #ffffff;\">Th\u00e9o Rousseau, membre polyvalent de l&rsquo;\u00e9quipe, est un cr\u00e9ateur lumi\u00e8re, r\u00e9alisateur et photographe talentueux.<\/span><\/p>\n<p style=\"text-align: left;\"><span style=\"color: #ffffff;\">D\u00e9couvrez ses r\u00e9alisations :<\/span><\/p>\n<p style=\"text-align: left;\"><span style=\"color: #ff0000;\"><a style=\"color: #ff0000;\" href=\"https:\/\/youtube.com\/playlist?list=PLSLxDb3zYd6TnO0p-P1BnXT_GbScC8wxG&amp;si=C6wb1HI93_sfBw6c\" target=\"_new\" rel=\"noopener\">Playlist de ses projets en tant que r\u00e9alisateur<\/a><\/span> <span style=\"color: #ffffff;\">sur YouTube.<\/span><\/p>\n<p style=\"text-align: left;\"><a href=\"https:\/\/youtube.com\/playlist?list=PLSLxDb3zYd6Qdo0EP2likqyfUXIQ_FigL&amp;si=03y6gbBevKfVMpHD\" target=\"_new\" rel=\"noopener\"><span style=\"color: #ff0000;\">Playlist de ses projets \u00e0 l&rsquo;image, lumi\u00e8re et montage<\/span><\/a> <span style=\"color: #ffffff;\">sur YouTube.<\/span><\/p>\n<p style=\"text-align: left;\"><span style=\"color: #ffffff;\">Explorez ses photographies sur sa<\/span> <a href=\"https:\/\/www.instagram.com\/theorousseau51\/?hl=fr\" target=\"_new\" rel=\"noopener\"><span style=\"color: #ff0000;\">page Instagram<\/span><\/a><span style=\"color: #ff0000;\">.<\/span><\/p>\n\n\n\n<div style=\"height:23px\" aria-hidden=\"true\" class=\"wp-block-spacer\"><\/div>\n\n\n\n<h2 class=\"wp-block-heading has-text-align-center has-primary-color has-text-color has-link-color wp-elements-14eabbc1ef6ca18d15dc0a207c4e4b6a\">Ga\u00ebtan Gobert<\/h2>\n\n\n\n<h4 class=\"wp-block-heading has-text-align-center has-primary-color has-text-color has-link-color wp-elements-2d8fc2a8fce1368748e5d1fd00d542c9\">cr\u00e9ateur lumi\u00e8re et intervenant<\/h4>\n\n\n\n<figure class=\"wp-block-image alignwide size-large is-style-rounded\"><img loading=\"lazy\" decoding=\"async\" width=\"1104\" height=\"1104\" src=\"https:\/\/cieatoutrompre.fr\/wp-content\/uploads\/2025\/09\/1000006557-edited.jpg\" alt=\"Compagnie A Tout Rompre- Reims- Ga\u00ebtan Gobert - Th\u00e9\u00e2tre- https:\/\/cieatoutrompre.fr\" class=\"wp-image-1676\" srcset=\"https:\/\/cieatoutrompre.fr\/wp-content\/uploads\/2025\/09\/1000006557-edited.jpg 1104w, https:\/\/cieatoutrompre.fr\/wp-content\/uploads\/2025\/09\/1000006557-edited-300x300.jpg 300w, https:\/\/cieatoutrompre.fr\/wp-content\/uploads\/2025\/09\/1000006557-edited-1024x1024.jpg 1024w, https:\/\/cieatoutrompre.fr\/wp-content\/uploads\/2025\/09\/1000006557-edited-150x150.jpg 150w, https:\/\/cieatoutrompre.fr\/wp-content\/uploads\/2025\/09\/1000006557-edited-768x768.jpg 768w\" sizes=\"auto, (max-width: 1104px) 100vw, 1104px\" \/><\/figure>\n\n\n\n<p style=\"text-align: center;\"><span style=\"color: #ffffff;\">Ancien employ\u00e9 pour Pestaklez-vous et technicien lumi\u00e8re, Ga\u00ebtan Gobert \u0153uvre ponctuellement pour \u00c0 tout Rompres en tant que intervenant artistique rempla\u00e7ant ou technicien lumi\u00e8re sur les pi\u00e8ces et projets de la compagnie.<\/span><\/p>\n\n\n\n<div style=\"height:23px\" aria-hidden=\"true\" class=\"wp-block-spacer\"><\/div>\n\n\n\n<h2 class=\"wp-block-heading has-text-align-center has-primary-color has-text-color has-link-color wp-elements-5335d7f285140431df205573bc075fe4\">Quentin Delcourt<\/h2>\n\n\n\n<h4 class=\"wp-block-heading has-text-align-center has-primary-color has-text-color has-link-color wp-elements-9cd15e79353999a0ec6165e8b69525d4\">com\u00e9dien<\/h4>\n\n\n\n<figure class=\"wp-block-image alignwide size-large is-style-rounded\"><img loading=\"lazy\" decoding=\"async\" width=\"1024\" height=\"1024\" src=\"http:\/\/cieatoutrompre.fr\/wp-content\/uploads\/2026\/04\/IMG_9828-1024x1024.jpg\" alt=\"Compagnie A Tout Rompre- Reims- Th\u00e9\u00e2tre- Quentin Delcourt- https:\/\/cieatoutrompre.fr\" class=\"wp-image-1758\" srcset=\"https:\/\/cieatoutrompre.fr\/wp-content\/uploads\/2026\/04\/IMG_9828-1024x1024.jpg 1024w, https:\/\/cieatoutrompre.fr\/wp-content\/uploads\/2026\/04\/IMG_9828-300x300.jpg 300w, https:\/\/cieatoutrompre.fr\/wp-content\/uploads\/2026\/04\/IMG_9828-150x150.jpg 150w, https:\/\/cieatoutrompre.fr\/wp-content\/uploads\/2026\/04\/IMG_9828-768x768.jpg 768w, https:\/\/cieatoutrompre.fr\/wp-content\/uploads\/2026\/04\/IMG_9828-1536x1536.jpg 1536w, https:\/\/cieatoutrompre.fr\/wp-content\/uploads\/2026\/04\/IMG_9828-2048x2048.jpg 2048w, https:\/\/cieatoutrompre.fr\/wp-content\/uploads\/2026\/04\/IMG_9828-1200x1200.jpg 1200w, https:\/\/cieatoutrompre.fr\/wp-content\/uploads\/2026\/04\/IMG_9828-1980x1980.jpg 1980w\" sizes=\"auto, (max-width: 1024px) 100vw, 1024px\" \/><\/figure>\n\n\n\n<p style=\"text-align: center;\"><span style=\"color: #ffffff;\">Quentin Delcourt se forme au jeu au Conservatoire a Rayonnement R\u00e9gional de Reims, sous le regard de Christine Berg, Louise Roch et Pascal Adam. Il \u00e9tudie le th\u00e9\u00e2tre \u00e0 l\u2019Universit\u00e9 Reims Champagne Ardenne et obtient une licence d\u2019arts du spectacle vivant en 2023.<\/span><\/p>\n<p style=\"text-align: center;\"><span style=\"color: #ffffff;\">Il joue dans \u00ab Murmures sombres de la lumi\u00e8re naissante \u00bb de Samaneh Latifi \u00e0 Aix-en-Provence et propose sa premi\u00e8re cr\u00e9ation jeune public \u00ab la Tani\u00e8re d\u2019Igor \u00bb en 2025 avec la compagnie <strong>\u00c0 Tout Rompre.<\/strong><\/span><\/p>\n<p style=\"text-align: center;\"><span style=\"color: #ffffff;\">Il s\u2019int\u00e9resse \u00e0 d\u2019autres mediums comme le cin\u00e9ma et la danse \u00e0 travers divers projets cin\u00e9matographiques et chor\u00e9graphiques comme \u00ab Y.O.L.O \u00bb de Marta Izquierdo Mu\u00f1oz.<\/span><\/p>\n<p style=\"text-align: center;\"><span style=\"color: #ffffff;\">Il anime des ateliers th\u00e9\u00e2tres pour des enfants et adolescents.<\/span><\/p>\n<\/div>\n<\/div>\n\n\n\n<div class=\"wp-block-columns alignfull is-layout-flex wp-container-core-columns-is-layout-9d6595d7 wp-block-columns-is-layout-flex\">\n<div class=\"wp-block-column is-layout-flow wp-block-column-is-layout-flow\" style=\"flex-basis:50%\"><\/div>\n\n\n\n<div class=\"wp-block-column is-layout-flow wp-block-column-is-layout-flow\" style=\"flex-basis:50%\"><\/div>\n<\/div>\n\n\n\n<p><\/p>\n","protected":false},"excerpt":{"rendered":"<p>Justine Rouet Chabaux com\u00e9dienne et metteuse en sc\u00e8ne Justine Rouet Chabaux est form\u00e9e tout d\u2019abord au Conservatoire de Metz en th\u00e9\u00e2tre et en danse, puis elle termine sa formation au sein du Conservatoire du XIV\u00e8me arrondissement de Paris.Tout au long de ces ann\u00e9es elle acquiert en parall\u00e8le une exp\u00e9rience de l\u2019enseignement du th\u00e9\u00e2tre : elle [&hellip;]<\/p>\n","protected":false},"author":1,"featured_media":0,"parent":0,"menu_order":0,"comment_status":"closed","ping_status":"closed","template":"","meta":{"footnotes":""},"class_list":["post-24","page","type-page","status-publish","hentry"],"_links":{"self":[{"href":"https:\/\/cieatoutrompre.fr\/index.php\/wp-json\/wp\/v2\/pages\/24","targetHints":{"allow":["GET"]}}],"collection":[{"href":"https:\/\/cieatoutrompre.fr\/index.php\/wp-json\/wp\/v2\/pages"}],"about":[{"href":"https:\/\/cieatoutrompre.fr\/index.php\/wp-json\/wp\/v2\/types\/page"}],"author":[{"embeddable":true,"href":"https:\/\/cieatoutrompre.fr\/index.php\/wp-json\/wp\/v2\/users\/1"}],"replies":[{"embeddable":true,"href":"https:\/\/cieatoutrompre.fr\/index.php\/wp-json\/wp\/v2\/comments?post=24"}],"version-history":[{"count":13,"href":"https:\/\/cieatoutrompre.fr\/index.php\/wp-json\/wp\/v2\/pages\/24\/revisions"}],"predecessor-version":[{"id":1759,"href":"https:\/\/cieatoutrompre.fr\/index.php\/wp-json\/wp\/v2\/pages\/24\/revisions\/1759"}],"wp:attachment":[{"href":"https:\/\/cieatoutrompre.fr\/index.php\/wp-json\/wp\/v2\/media?parent=24"}],"curies":[{"name":"wp","href":"https:\/\/api.w.org\/{rel}","templated":true}]}}