{"id":22,"date":"2023-10-07T13:18:57","date_gmt":"2023-10-07T13:18:57","guid":{"rendered":"http:\/\/compagnie-a-tout-rompre.local\/?page_id=22"},"modified":"2025-08-19T18:01:57","modified_gmt":"2025-08-19T16:01:57","slug":"partenaires","status":"publish","type":"page","link":"https:\/\/cieatoutrompre.fr\/index.php\/partenaires\/","title":{"rendered":"Partenaires"},"content":{"rendered":"\n<div style=\"height:24px\" aria-hidden=\"true\" class=\"wp-block-spacer\"><\/div>\n\n\n<h3 style=\"text-align: center;\"><strong>Notre \u00e9quipe est heureuse d&rsquo;avoir comme partenaires :<\/strong><\/h3>\n<p style=\"text-align: center;\">\n\n\n<div style=\"height:23px\" aria-hidden=\"true\" class=\"wp-block-spacer\"><\/div>\n\n\n\n<div class=\"wp-block-columns alignfull is-layout-flex wp-container-core-columns-is-layout-9d6595d7 wp-block-columns-is-layout-flex\">\n<div class=\"wp-block-column is-layout-flow wp-block-column-is-layout-flow\" style=\"flex-basis:100px\">\n<figure class=\"wp-block-image size-full is-resized is-style-rounded\"><img loading=\"lazy\" decoding=\"async\" width=\"234\" height=\"215\" src=\"http:\/\/cieatoutrompre.fr\/wp-content\/uploads\/2024\/05\/logo-maison-de-quartier-clairmarais.png\" alt=\"Compagnie A Tout Rompre-Reims- Th\u00e9\u00e2tre- https:\/\/cieatoutrompre.fr\" class=\"wp-image-1144\" style=\"width:91px;height:auto\"\/><\/figure>\n<\/div>\n\n\n\n<div class=\"wp-block-column is-vertically-aligned-center is-layout-flow wp-block-column-is-layout-flow\" style=\"flex-basis:200px\">\n<p style=\"text-align: center;\"><strong>La Maison de quartier Clairmarais<\/strong><\/p>\n\n\n\n<div class=\"wp-block-buttons is-content-justification-center is-layout-flex wp-container-core-buttons-is-layout-16018d1d wp-block-buttons-is-layout-flex\">\n<div class=\"wp-block-button has-custom-width wp-block-button__width-100 is-style-outline is-style-outline--1\"><a class=\"wp-block-button__link has-primary-color has-background-background-color has-text-color has-background has-link-color has-small-font-size has-text-align-center has-custom-font-size wp-element-button\" href=\"https:\/\/www.maisondequartier-reims.fr\/clairmarais\" style=\"border-radius:10px\" target=\"_blank\" rel=\"noreferrer noopener\">Actualit\u00e9s<\/a><\/div>\n<\/div>\n<\/div>\n\n\n\n<div class=\"wp-block-column is-layout-flow wp-block-column-is-layout-flow\" style=\"flex-basis:100px\">\n<figure class=\"wp-block-image size-full is-resized is-style-rounded\"><img loading=\"lazy\" decoding=\"async\" width=\"225\" height=\"225\" src=\"http:\/\/cieatoutrompre.fr\/wp-content\/uploads\/2024\/05\/logo-la-boussole-reims.png\" alt=\"Compagnie A Tout Rompre-Reims- Th\u00e9\u00e2tre- https:\/\/cieatoutrompre.fr\" class=\"wp-image-1143\" style=\"width:86px;height:auto\" srcset=\"https:\/\/cieatoutrompre.fr\/wp-content\/uploads\/2024\/05\/logo-la-boussole-reims.png 225w, https:\/\/cieatoutrompre.fr\/wp-content\/uploads\/2024\/05\/logo-la-boussole-reims-150x150.png 150w\" sizes=\"auto, (max-width: 225px) 100vw, 225px\" \/><\/figure>\n<\/div>\n\n\n\n<div class=\"wp-block-column is-layout-flow wp-block-column-is-layout-flow\" style=\"flex-basis:200px\">\n<p><strong>La Boussole de Reims<\/strong><\/p>\n\n\n\n<div class=\"wp-block-buttons is-content-justification-center is-layout-flex wp-container-core-buttons-is-layout-16018d1d wp-block-buttons-is-layout-flex\">\n<div class=\"wp-block-button is-style-outline is-style-outline--2\"><a class=\"wp-block-button__link has-primary-color has-background-background-color has-text-color has-background has-link-color has-text-align-center wp-element-button\" href=\"https:\/\/www.facebook.com\/laboussolereims\/?ref=page_internal\" style=\"border-radius:10px\" target=\"_blank\" rel=\"noreferrer noopener\">Actualit\u00e9s<\/a><\/div>\n<\/div>\n<\/div>\n\n\n\n<div class=\"wp-block-column is-layout-flow wp-block-column-is-layout-flow\" style=\"flex-basis:100px\">\n<figure class=\"wp-block-image size-full is-resized is-style-default\"><img loading=\"lazy\" decoding=\"async\" width=\"250\" height=\"125\" src=\"http:\/\/cieatoutrompre.fr\/wp-content\/uploads\/2024\/05\/logo-la-fileuse-reims.jpg\" alt=\"Compagnie A Tout Rompre-Reims- Th\u00e9\u00e2tre- https:\/\/cieatoutrompre.fr\" class=\"wp-image-1147\" style=\"width:111px;height:auto\"\/><\/figure>\n<\/div>\n\n\n\n<div class=\"wp-block-column is-vertically-aligned-stretch is-layout-flow wp-block-column-is-layout-flow\" style=\"flex-basis:200px\">\n<p>La fileuse de Reims<\/p>\n\n\n\n<div class=\"wp-block-buttons is-content-justification-center is-layout-flex wp-container-core-buttons-is-layout-16018d1d wp-block-buttons-is-layout-flex\">\n<div class=\"wp-block-button is-style-outline is-style-outline--3\"><a class=\"wp-block-button__link has-primary-color has-background-background-color has-text-color has-background has-link-color has-text-align-center wp-element-button\" href=\"https:\/\/www.reims.fr\/la-culture-a-reims\/la-fileuse\" style=\"border-radius:10px\">Actualit\u00e9s<\/a><\/div>\n<\/div>\n<\/div>\n<\/div>\n\n\n\n<div class=\"wp-block-columns alignfull is-layout-flex wp-container-core-columns-is-layout-9d6595d7 wp-block-columns-is-layout-flex\">\n<div class=\"wp-block-column is-layout-flow wp-block-column-is-layout-flow\" style=\"flex-basis:100px\">\n<figure class=\"wp-block-image size-full is-resized is-style-rounded\"><img loading=\"lazy\" decoding=\"async\" width=\"181\" height=\"181\" src=\"http:\/\/cieatoutrompre.fr\/wp-content\/uploads\/2024\/05\/logo-crous-de-reims.png\" alt=\"Compagnie A Tout Rompre-Reims- Th\u00e9\u00e2tre- https:\/\/cieatoutrompre.fr\" class=\"wp-image-1141\" style=\"width:87px;height:auto\" srcset=\"https:\/\/cieatoutrompre.fr\/wp-content\/uploads\/2024\/05\/logo-crous-de-reims.png 181w, https:\/\/cieatoutrompre.fr\/wp-content\/uploads\/2024\/05\/logo-crous-de-reims-150x150.png 150w\" sizes=\"auto, (max-width: 181px) 100vw, 181px\" \/><\/figure>\n<\/div>\n\n\n\n<div class=\"wp-block-column is-layout-flow wp-block-column-is-layout-flow\" style=\"flex-basis:200px\">\n<p style=\"text-align: center;\"><strong>Le Crous de Reims<\/strong><\/p>\n\n\n\n<div class=\"wp-block-buttons is-content-justification-center is-layout-flex wp-container-core-buttons-is-layout-16018d1d wp-block-buttons-is-layout-flex\">\n<div class=\"wp-block-button is-style-outline is-style-outline--4\"><a class=\"wp-block-button__link has-primary-color has-background-background-color has-text-color has-background has-link-color wp-element-button\" href=\"https:\/\/www.crous-reims.fr\/\" style=\"border-radius:10px\" target=\"_blank\" rel=\"noreferrer noopener\">Actualit\u00e9s<\/a><\/div>\n<\/div>\n<\/div>\n\n\n\n<div class=\"wp-block-column is-layout-flow wp-block-column-is-layout-flow\" style=\"flex-basis:100px\">\n<figure class=\"wp-block-image size-large is-resized\"><img loading=\"lazy\" decoding=\"async\" width=\"685\" height=\"1024\" src=\"http:\/\/cieatoutrompre.fr\/wp-content\/uploads\/2024\/05\/logo-departement-marne-685x1024.png\" alt=\"Compagnie A Tout Rompre-Reims- Th\u00e9\u00e2tre- https:\/\/cieatoutrompre.fr\" class=\"wp-image-1142\" style=\"width:90px;height:auto\" srcset=\"https:\/\/cieatoutrompre.fr\/wp-content\/uploads\/2024\/05\/logo-departement-marne-685x1024.png 685w, https:\/\/cieatoutrompre.fr\/wp-content\/uploads\/2024\/05\/logo-departement-marne-201x300.png 201w, https:\/\/cieatoutrompre.fr\/wp-content\/uploads\/2024\/05\/logo-departement-marne-768x1149.png 768w, https:\/\/cieatoutrompre.fr\/wp-content\/uploads\/2024\/05\/logo-departement-marne-1027x1536.png 1027w, https:\/\/cieatoutrompre.fr\/wp-content\/uploads\/2024\/05\/logo-departement-marne.png 1200w\" sizes=\"auto, (max-width: 685px) 100vw, 685px\" \/><\/figure>\n<\/div>\n\n\n\n<div class=\"wp-block-column is-layout-flow wp-block-column-is-layout-flow\" style=\"flex-basis:16.67%\">\n<p style=\"text-align: center;\"><strong>Le D\u00e9partement de la Marne<\/strong><\/p>\n\n\n\n<div class=\"wp-block-buttons is-content-justification-center is-layout-flex wp-container-core-buttons-is-layout-16018d1d wp-block-buttons-is-layout-flex\">\n<div class=\"wp-block-button is-style-outline is-style-outline--5\"><a class=\"wp-block-button__link has-primary-color has-background-background-color has-text-color has-background has-link-color wp-element-button\" href=\"https:\/\/marne.fr\/\" style=\"border-radius:10px\" target=\"_blank\" rel=\"noreferrer noopener\">Actualit\u00e9s<\/a><\/div>\n<\/div>\n<\/div>\n\n\n\n<div class=\"wp-block-column is-layout-flow wp-block-column-is-layout-flow\" style=\"flex-basis:100px\">\n<figure class=\"wp-block-image size-full is-resized is-style-rounded\"><img loading=\"lazy\" decoding=\"async\" width=\"225\" height=\"225\" src=\"http:\/\/cieatoutrompre.fr\/wp-content\/uploads\/2024\/05\/logo-papillons-blancs-en-champagne.png\" alt=\"Compagnie A Tout Rompre-Reims- Th\u00e9\u00e2tre- https:\/\/cieatoutrompre.fr\" class=\"wp-image-1145\" style=\"width:90px;height:auto\" srcset=\"https:\/\/cieatoutrompre.fr\/wp-content\/uploads\/2024\/05\/logo-papillons-blancs-en-champagne.png 225w, https:\/\/cieatoutrompre.fr\/wp-content\/uploads\/2024\/05\/logo-papillons-blancs-en-champagne-150x150.png 150w\" sizes=\"auto, (max-width: 225px) 100vw, 225px\" \/><\/figure>\n<\/div>\n\n\n\n<div class=\"wp-block-column is-layout-flow wp-block-column-is-layout-flow\" style=\"flex-basis:16.67%\">\n<p style=\"text-align: center;\"><strong>Papillons blancs en Champagne<\/strong><\/p>\n\n\n\n<div class=\"wp-block-buttons is-content-justification-center is-layout-flex wp-container-core-buttons-is-layout-16018d1d wp-block-buttons-is-layout-flex\">\n<div class=\"wp-block-button is-style-outline is-style-outline--6\"><a class=\"wp-block-button__link has-primary-color has-background-background-color has-text-color has-background has-link-color wp-element-button\" href=\"https:\/\/www.pbchampagne.org\/s-informer\/actualites\" style=\"border-radius:10px\" target=\"_blank\" rel=\"noreferrer noopener\">Actualit\u00e9s<\/a><\/div>\n<\/div>\n<\/div>\n<\/div>\n\n\n\n<div class=\"wp-block-columns alignfull are-vertically-aligned-top is-layout-flex wp-container-core-columns-is-layout-9d6595d7 wp-block-columns-is-layout-flex\">\n<div class=\"wp-block-column is-vertically-aligned-top is-layout-flow wp-block-column-is-layout-flow\" style=\"flex-basis:100px\">\n<figure class=\"wp-block-image size-full is-resized\"><img loading=\"lazy\" decoding=\"async\" width=\"451\" height=\"241\" src=\"http:\/\/cieatoutrompre.fr\/wp-content\/uploads\/2024\/05\/logo-LE-SALMANAZAR-EPERNAY-edited.jpg\" alt=\"Compagnie A Tout Rompre-Reims- Th\u00e9\u00e2tre- https:\/\/cieatoutrompre.fr\" class=\"wp-image-1148\" style=\"width:113px;height:auto\" srcset=\"https:\/\/cieatoutrompre.fr\/wp-content\/uploads\/2024\/05\/logo-LE-SALMANAZAR-EPERNAY-edited.jpg 451w, https:\/\/cieatoutrompre.fr\/wp-content\/uploads\/2024\/05\/logo-LE-SALMANAZAR-EPERNAY-edited-300x160.jpg 300w\" sizes=\"auto, (max-width: 451px) 100vw, 451px\" \/><\/figure>\n<\/div>\n\n\n\n<div class=\"wp-block-column is-vertically-aligned-top is-layout-flow wp-block-column-is-layout-flow\" style=\"flex-basis:200px\">\n<p style=\"text-align: center;\"><strong>Th\u00e9\u00e2tre Salmanazar d&rsquo;Epernay<\/strong><\/p>\n\n\n\n<div class=\"wp-block-buttons is-content-justification-center is-layout-flex wp-container-core-buttons-is-layout-16018d1d wp-block-buttons-is-layout-flex\">\n<div class=\"wp-block-button is-style-outline is-style-outline--7\"><a class=\"wp-block-button__link has-primary-color has-background-background-color has-text-color has-background has-link-color wp-element-button\" href=\"https:\/\/theatrelesalmanazar.fr\/saison\/\" style=\"border-radius:11px\">Actualit\u00e9s<\/a><\/div>\n<\/div>\n<\/div>\n\n\n\n<div class=\"wp-block-column is-layout-flow wp-block-column-is-layout-flow\" style=\"flex-basis:100px\">\n<figure class=\"wp-block-image size-full is-resized\"><img loading=\"lazy\" decoding=\"async\" width=\"117\" height=\"250\" src=\"http:\/\/cieatoutrompre.fr\/wp-content\/uploads\/2025\/08\/logo-cellier.jpg\" alt=\"Cellier-Compagnie A Tout Rompre- Reims- Th\u00e9\u00e2tre- https:\/\/cieatoutrompre.fr\" class=\"wp-image-1505\" style=\"width:63px;height:auto\"\/><\/figure>\n<\/div>\n\n\n\n<div class=\"wp-block-column is-layout-flow wp-block-column-is-layout-flow\" style=\"flex-basis:16.67%\">\n<p style=\"text-align: center;\"><strong>Le Cellier<\/strong><\/p>\n\n\n\n<div class=\"wp-block-buttons is-content-justification-center is-layout-flex wp-container-core-buttons-is-layout-16018d1d wp-block-buttons-is-layout-flex\">\n<div class=\"wp-block-button is-style-outline is-style-outline--8\"><a class=\"wp-block-button__link has-primary-color has-background-background-color has-text-color has-background has-link-color has-normal-font-size has-text-align-center has-custom-font-size wp-element-button\" href=\"https:\/\/www.reims.fr\/la-culture-a-reims\/le-cellier\" style=\"border-radius:11px\">Actualit\u00e9s<\/a><\/div>\n<\/div>\n<\/div>\n\n\n\n<div class=\"wp-block-column is-layout-flow wp-block-column-is-layout-flow\" style=\"flex-basis:100px\">\n<figure class=\"wp-block-image size-full\"><img loading=\"lazy\" decoding=\"async\" width=\"178\" height=\"79\" src=\"http:\/\/cieatoutrompre.fr\/wp-content\/uploads\/2025\/08\/logo-IRTS-Champagne-Ardenne.png\" alt=\"IRTS Champagne Ardenne-Compagnie A Tout Rompre- Reims- Th\u00e9\u00e2tre- https:\/\/cieatoutrompre.fr\" class=\"wp-image-1507\"\/><\/figure>\n<\/div>\n\n\n\n<div class=\"wp-block-column is-layout-flow wp-block-column-is-layout-flow\" style=\"flex-basis:16.67%\">\n<p style=\"text-align: center;\"><strong>IRTS <\/strong><strong>Champagne-Ardenne<\/strong><\/p>\n\n\n\n<div class=\"wp-block-buttons is-content-justification-center is-layout-flex wp-container-core-buttons-is-layout-16018d1d wp-block-buttons-is-layout-flex\">\n<div class=\"wp-block-button is-style-outline is-style-outline--9\"><a class=\"wp-block-button__link has-primary-color has-background-background-color has-text-color has-background has-link-color wp-element-button\" href=\"https:\/\/irtsca.fr\/\" style=\"border-radius:11px\">Actualit\u00e9s<\/a><\/div>\n<\/div>\n<\/div>\n<\/div>\n\n\n\n<div class=\"wp-block-columns alignfull are-vertically-aligned-top is-layout-flex wp-container-core-columns-is-layout-9d6595d7 wp-block-columns-is-layout-flex\">\n<div class=\"wp-block-column is-vertically-aligned-top is-layout-flow wp-block-column-is-layout-flow\" style=\"flex-basis:100px\">\n<figure class=\"wp-block-image size-full is-resized\"><img loading=\"lazy\" decoding=\"async\" width=\"225\" height=\"225\" src=\"http:\/\/cieatoutrompre.fr\/wp-content\/uploads\/2025\/08\/logo-maison-de-quartier-val-de-murigny.png\" alt=\"maison de quartier val de murigny-Compagnie A Tout Rompre- Reims- Th\u00e9\u00e2tre- https:\/\/cieatoutrompre.fr\" class=\"wp-image-1508\" style=\"width:113px;height:auto\" srcset=\"https:\/\/cieatoutrompre.fr\/wp-content\/uploads\/2025\/08\/logo-maison-de-quartier-val-de-murigny.png 225w, https:\/\/cieatoutrompre.fr\/wp-content\/uploads\/2025\/08\/logo-maison-de-quartier-val-de-murigny-150x150.png 150w\" sizes=\"auto, (max-width: 225px) 100vw, 225px\" \/><\/figure>\n<\/div>\n\n\n\n<div class=\"wp-block-column is-vertically-aligned-top is-layout-flow wp-block-column-is-layout-flow\" style=\"flex-basis:200px\">\n<p style=\"text-align: center;\"><strong>Maison de quartier Val de Murigny<\/strong><\/p>\n\n\n\n<div class=\"wp-block-buttons is-content-justification-center is-layout-flex wp-container-core-buttons-is-layout-16018d1d wp-block-buttons-is-layout-flex\">\n<div class=\"wp-block-button is-style-outline is-style-outline--10\"><a class=\"wp-block-button__link has-primary-color has-background-background-color has-text-color has-background has-link-color wp-element-button\" href=\"https:\/\/www.maisondequartier-reims.fr\/val-de-murigny\" style=\"border-radius:11px\">Actualit\u00e9s<\/a><\/div>\n<\/div>\n<\/div>\n\n\n\n<div class=\"wp-block-column is-layout-flow wp-block-column-is-layout-flow\" style=\"flex-basis:100px\">\n<figure class=\"wp-block-image size-full is-resized\"><img loading=\"lazy\" decoding=\"async\" width=\"415\" height=\"415\" src=\"http:\/\/cieatoutrompre.fr\/wp-content\/uploads\/2025\/08\/logo-TRAC.png\" alt=\"TRAC-Compagnie A Tout Rompre- Reims- Th\u00e9\u00e2tre- https:\/\/cieatoutrompre.fr\" class=\"wp-image-1512\" style=\"width:63px;height:auto\" srcset=\"https:\/\/cieatoutrompre.fr\/wp-content\/uploads\/2025\/08\/logo-TRAC.png 415w, https:\/\/cieatoutrompre.fr\/wp-content\/uploads\/2025\/08\/logo-TRAC-300x300.png 300w, https:\/\/cieatoutrompre.fr\/wp-content\/uploads\/2025\/08\/logo-TRAC-150x150.png 150w\" sizes=\"auto, (max-width: 415px) 100vw, 415px\" \/><\/figure>\n<\/div>\n\n\n\n<div class=\"wp-block-column is-layout-flow wp-block-column-is-layout-flow\" style=\"flex-basis:16.67%\">\n<p style=\"text-align: center;\"><strong>TRAC<\/strong><\/p>\n\n\n\n<div class=\"wp-block-buttons is-content-justification-center is-layout-flex wp-container-core-buttons-is-layout-16018d1d wp-block-buttons-is-layout-flex\">\n<div class=\"wp-block-button is-style-outline is-style-outline--11\"><a class=\"wp-block-button__link has-primary-color has-background-background-color has-text-color has-background has-link-color has-normal-font-size has-text-align-center has-custom-font-size wp-element-button\" href=\"https:\/\/www.asso-trac.fr\/\" style=\"border-radius:11px\">Actualit\u00e9s<\/a><\/div>\n<\/div>\n<\/div>\n\n\n\n<div class=\"wp-block-column is-layout-flow wp-block-column-is-layout-flow\" style=\"flex-basis:100px\">\n<figure class=\"wp-block-image size-full\"><img loading=\"lazy\" decoding=\"async\" width=\"2560\" height=\"1573\" src=\"http:\/\/cieatoutrompre.fr\/wp-content\/uploads\/2025\/08\/logo-les-riches-clairs-blanc-scaled.png\" alt=\"les riches claires-Compagnie A Tout Rompre- Reims- Th\u00e9\u00e2tre- https:\/\/cieatoutrompre.fr\" class=\"wp-image-1513\" srcset=\"https:\/\/cieatoutrompre.fr\/wp-content\/uploads\/2025\/08\/logo-les-riches-clairs-blanc-scaled.png 2560w, https:\/\/cieatoutrompre.fr\/wp-content\/uploads\/2025\/08\/logo-les-riches-clairs-blanc-300x184.png 300w, https:\/\/cieatoutrompre.fr\/wp-content\/uploads\/2025\/08\/logo-les-riches-clairs-blanc-1024x629.png 1024w, https:\/\/cieatoutrompre.fr\/wp-content\/uploads\/2025\/08\/logo-les-riches-clairs-blanc-768x472.png 768w, https:\/\/cieatoutrompre.fr\/wp-content\/uploads\/2025\/08\/logo-les-riches-clairs-blanc-1536x944.png 1536w, https:\/\/cieatoutrompre.fr\/wp-content\/uploads\/2025\/08\/logo-les-riches-clairs-blanc-2048x1258.png 2048w, https:\/\/cieatoutrompre.fr\/wp-content\/uploads\/2025\/08\/logo-les-riches-clairs-blanc-1200x737.png 1200w, https:\/\/cieatoutrompre.fr\/wp-content\/uploads\/2025\/08\/logo-les-riches-clairs-blanc-1980x1216.png 1980w\" sizes=\"auto, (max-width: 2560px) 100vw, 2560px\" \/><\/figure>\n<\/div>\n\n\n\n<div class=\"wp-block-column is-layout-flow wp-block-column-is-layout-flow\" style=\"flex-basis:16.67%\">\n<p style=\"text-align: center;\"><b>Les riches-claires<\/b><\/p>\n\n\n\n<div class=\"wp-block-buttons is-content-justification-center is-layout-flex wp-container-core-buttons-is-layout-16018d1d wp-block-buttons-is-layout-flex\">\n<div class=\"wp-block-button is-style-outline is-style-outline--12\"><a class=\"wp-block-button__link has-primary-color has-background-background-color has-text-color has-background has-link-color wp-element-button\" href=\"https:\/\/25-26.lesrichesclaires.be\/\" style=\"border-radius:11px\">Actualit\u00e9s<\/a><\/div>\n<\/div>\n<\/div>\n<\/div>\n\n\n\n<div class=\"wp-block-columns alignfull are-vertically-aligned-top is-layout-flex wp-container-core-columns-is-layout-9d6595d7 wp-block-columns-is-layout-flex\">\n<div class=\"wp-block-column is-vertically-aligned-top is-layout-flow wp-block-column-is-layout-flow\" style=\"flex-basis:100px\">\n<figure class=\"wp-block-image size-full is-resized\"><img loading=\"lazy\" decoding=\"async\" width=\"225\" height=\"225\" src=\"http:\/\/cieatoutrompre.fr\/wp-content\/uploads\/2025\/08\/Logo-escher-theater.png\" alt=\"escher theater-Compagnie A Tout Rompre- Reims- Th\u00e9\u00e2tre- https:\/\/cieatoutrompre.fr\" class=\"wp-image-1510\" style=\"width:113px;height:auto\" srcset=\"https:\/\/cieatoutrompre.fr\/wp-content\/uploads\/2025\/08\/Logo-escher-theater.png 225w, https:\/\/cieatoutrompre.fr\/wp-content\/uploads\/2025\/08\/Logo-escher-theater-150x150.png 150w\" sizes=\"auto, (max-width: 225px) 100vw, 225px\" \/><\/figure>\n<\/div>\n\n\n\n<div class=\"wp-block-column is-vertically-aligned-top is-layout-flow wp-block-column-is-layout-flow\" style=\"flex-basis:200px\">\n<p style=\"text-align: center;\"><strong>Escher Theater<\/strong><\/p>\n\n\n\n<div class=\"wp-block-buttons is-content-justification-center is-layout-flex wp-container-core-buttons-is-layout-16018d1d wp-block-buttons-is-layout-flex\">\n<div class=\"wp-block-button is-style-outline is-style-outline--13\"><a class=\"wp-block-button__link has-primary-color has-background-background-color has-text-color has-background has-link-color wp-element-button\" href=\"https:\/\/theatre.esch.lu\/\" style=\"border-radius:11px\">Actualit\u00e9s<\/a><\/div>\n<\/div>\n<\/div>\n<\/div>\n","protected":false},"excerpt":{"rendered":"<p>Notre \u00e9quipe est heureuse d&rsquo;avoir comme partenaires : La Maison de quartier Clairmarais La Boussole de Reims La fileuse de Reims Le Crous de Reims Le D\u00e9partement de la Marne Papillons blancs en Champagne Th\u00e9\u00e2tre Salmanazar d&rsquo;Epernay Le Cellier IRTS Champagne-Ardenne Maison de quartier Val de Murigny TRAC Les riches-claires Escher Theater<\/p>\n","protected":false},"author":1,"featured_media":0,"parent":0,"menu_order":0,"comment_status":"closed","ping_status":"closed","template":"","meta":{"footnotes":""},"class_list":["post-22","page","type-page","status-publish","hentry"],"_links":{"self":[{"href":"https:\/\/cieatoutrompre.fr\/index.php\/wp-json\/wp\/v2\/pages\/22","targetHints":{"allow":["GET"]}}],"collection":[{"href":"https:\/\/cieatoutrompre.fr\/index.php\/wp-json\/wp\/v2\/pages"}],"about":[{"href":"https:\/\/cieatoutrompre.fr\/index.php\/wp-json\/wp\/v2\/types\/page"}],"author":[{"embeddable":true,"href":"https:\/\/cieatoutrompre.fr\/index.php\/wp-json\/wp\/v2\/users\/1"}],"replies":[{"embeddable":true,"href":"https:\/\/cieatoutrompre.fr\/index.php\/wp-json\/wp\/v2\/comments?post=22"}],"version-history":[{"count":8,"href":"https:\/\/cieatoutrompre.fr\/index.php\/wp-json\/wp\/v2\/pages\/22\/revisions"}],"predecessor-version":[{"id":1559,"href":"https:\/\/cieatoutrompre.fr\/index.php\/wp-json\/wp\/v2\/pages\/22\/revisions\/1559"}],"wp:attachment":[{"href":"https:\/\/cieatoutrompre.fr\/index.php\/wp-json\/wp\/v2\/media?parent=22"}],"curies":[{"name":"wp","href":"https:\/\/api.w.org\/{rel}","templated":true}]}}