{"id":16,"date":"2023-10-07T13:17:56","date_gmt":"2023-10-07T13:17:56","guid":{"rendered":"http:\/\/compagnie-a-tout-rompre.local\/?page_id=16"},"modified":"2026-03-04T17:05:44","modified_gmt":"2026-03-04T16:05:44","slug":"ateliers","status":"publish","type":"page","link":"https:\/\/cieatoutrompre.fr\/index.php\/ateliers\/","title":{"rendered":"Ateliers amateurs"},"content":{"rendered":"\n<div class=\"wp-block-group alignfull has-primary-background-color has-background has-small-font-size\"><div class=\"wp-block-group__inner-container is-layout-flow wp-block-group-is-layout-flow\">\n<div style=\"height:0px\" aria-hidden=\"true\" class=\"wp-block-spacer\"><\/div>\n\n\n\n<div class=\"wp-block-columns alignfull is-layout-flex wp-container-core-columns-is-layout-9d6595d7 wp-block-columns-is-layout-flex\">\n<div class=\"wp-block-column is-layout-flow wp-block-column-is-layout-flow\">\n<p class=\"has-text-align-center has-background-color has-text-color has-link-color has-large-font-size wp-elements-07965c0882478fa289dbe613683ca92c\">ATELIERS TH\u00c9\u00c2TRE ADULTES CR\u00c9ATIONS COLLECTIVES<\/p>\n<\/div>\n\n\n\n<div class=\"wp-block-column is-layout-flow wp-block-column-is-layout-flow\">\n<p class=\"has-text-align-center has-background-color has-text-color has-link-color has-large-font-size wp-elements-3da61318ccdce6a1f2b0d73cb2779e75\">ATELIERS TH\u00c9\u00c2TRE \u00c9TUDIANTS<\/p>\n<\/div>\n<\/div>\n\n\n\n<div style=\"height:8px\" aria-hidden=\"true\" class=\"wp-block-spacer\"><\/div>\n\n\n\n<div class=\"wp-block-columns alignfull is-layout-flex wp-container-core-columns-is-layout-9d6595d7 wp-block-columns-is-layout-flex\">\n<div class=\"wp-block-column is-vertically-aligned-center is-layout-flow wp-block-column-is-layout-flow\">\n<p class=\"has-text-align-center has-background-color has-text-color has-link-color has-large-font-size wp-elements-a28951c31d843ef7801421303ec596f5\">ATELIER TH\u00c9\u00c2TRE&nbsp; ENFANTS <\/p>\n\n\n\n<p class=\"has-text-align-center has-background-color has-text-color has-link-color has-large-font-size wp-elements-4d55c88b0e9f3fb71a293d5cd839c818\">\u00ab\u00a0imaginaire et cr\u00e9ativit\u00e9\u00a0\u00bb<\/p>\n<\/div>\n<\/div>\n<\/div><\/div>\n\n\n\n<h2 class=\"wp-block-heading alignfull has-text-align-center has-primary-color has-text-color has-link-color wp-elements-49cc34853560f0dde3f8d108dc4fb23b\">ATELIERS TH\u00c9\u00c2TRE ADULTES CR\u00c9ATIONS COLLECTIVES&nbsp;<\/h2>\n\n\n\n<div class=\"wp-block-cover alignfull has-parallax\"><div role=\"img\" aria-label=\"Atelier th\u00e9\u00e2tre-th\u00e9\u00e2tre amateur-Compagnie A Tout Rompre- Reims- Th\u00e9\u00e2tre- https:\/\/cieatoutrompre.fr\" class=\"wp-block-cover__image-background wp-image-1489 size-large has-parallax\" style=\"background-position:50% 50%;background-image:url(http:\/\/cieatoutrompre.fr\/wp-content\/uploads\/2025\/07\/IMG-20250709-WA0004-1024x768.jpg)\"><\/div><span aria-hidden=\"true\" class=\"wp-block-cover__background has-background-dim\" style=\"background-color:#6c6466\"><\/span><div class=\"wp-block-cover__inner-container is-layout-flow wp-block-cover-is-layout-flow\">\n<p><em>Tous niveaux &#8211; \u00e0 partir de 18 ans.&nbsp;<\/em><\/p>\n\n\n\n<p><em>Les Mardis de 20H00 \u00e0 22H00<\/em><\/p>\n\n\n\n<p><em>Les Mercredis de 20H00 \u00e0 22H00<\/em><\/p>\n\n\n\n<p><em>Les Jeudis de 20H00 \u00e0 22H00<\/em><\/p>\n\n\n\n<p><em>\u00c0 la Maison de Quartier Clairmarais<\/em> <em>de Reims<\/em><\/p>\n\n\n\n<p>L\u2019<strong>approche est similaire sur les trois cr\u00e9neaux<\/strong>, avec un travail d\u2019\u00e9chauffements, d\u2019improvisations et d\u2019exercices de cr\u00e9ation. Tous ses ateliers aboutirons \u00e0 une repr\u00e9sentation en fin d&rsquo;ann\u00e9e. L\u2019\u00e9quipe portera une cr\u00e9ation collective, dans laquelle chacun et chacune pourra s\u2019investir \u00e0 diff\u00e9rents postes : interpr\u00e9tation, \u00e9criture, mise en sc\u00e8ne, sc\u00e9nographie&#8230;<\/p>\n\n\n\n<p><strong>S\u00e9ance d\u2019essai<\/strong> <strong>gratuite<\/strong>.<\/p>\n\n\n\n<p>Renseignements et inscriptions : Compagnie \u00c0 Tout Rompre<\/p>\n\n\n\n<p><a href=\"mailto:compagnie.atoutrompre@gmail.com\" target=\"_blank\" rel=\"noreferrer noopener\">compagnie.atoutrompre@gmail.com<\/a><\/p>\n\n\n\n<p>Tarif : 250\u20ac<\/p>\n<\/div><\/div>\n\n\n\n<h2 class=\"wp-block-heading alignfull has-text-align-center has-primary-color has-text-color has-link-color wp-elements-6b7c3cc96c11cd43baabee04a6b3dbdf\"><strong>ATELIER TH\u00c9\u00c2TRE \u00c9TUDIANTS <\/strong><\/h2>\n\n\n\n<div class=\"wp-block-cover alignfull has-parallax\"><div role=\"img\" aria-label=\"Crous de Reims-Atelier th\u00e9\u00e2tre-th\u00e9\u00e2tre amateur-Compagnie A Tout Rompre- Reims- Th\u00e9\u00e2tre- https:\/\/cieatoutrompre.fr\" class=\"wp-block-cover__image-background wp-image-1487 size-large has-parallax\" style=\"background-position:50% 50%;background-image:url(http:\/\/cieatoutrompre.fr\/wp-content\/uploads\/2025\/07\/IMG-20250529-WA0011-1024x768.jpg)\"><\/div><span aria-hidden=\"true\" class=\"wp-block-cover__background has-background-dim\" style=\"background-color:#544b45\"><\/span><div class=\"wp-block-cover__inner-container is-layout-flow wp-block-cover-is-layout-flow\">\n<p><em>\u00c9tudiantes et \u00e9tudiants&nbsp;<\/em><\/p>\n\n\n\n<p><em>Mardi de 19H \u00e0 21H au Centre Culturel du Crous de Reims&nbsp;<\/em><\/p>\n\n\n\n<p><em>Avec le CROUS de Reims <\/em><\/p>\n\n\n\n<p>Ses ateliers sont <strong>gratuits<\/strong> et ouverts \u00e0 tous les \u00e9tudiants, d\u00e9butants ou confirm\u00e9s.<\/p>\n\n\n\n<p>Cet atelier de th\u00e9\u00e2tre vous invite \u00e0 explorer l&rsquo;improvisation et \u00e0 participer \u00e0 la cr\u00e9ation d&rsquo;une \u0153uvre collective. Chaque participant pourra s&rsquo;investir dans divers r\u00f4les : interpr\u00e9tation, \u00e9criture, mise en sc\u00e8ne, ou sc\u00e9nographie. L&rsquo;ann\u00e9e se terminera sur une repr\u00e9sentation, o\u00f9 vous aurez l&rsquo;occasion de pr\u00e9senter votre travail devant un public.<\/p>\n\n\n\n<p>Renseignements : Compagnie \u00c0 Tout Rompre<\/p>\n\n\n\n<p><a href=\"mailto:compagnie.atoutrompre@gmail.com\" target=\"_blank\" rel=\"noreferrer noopener\">compagnie.atoutrompre@gmail.com<\/a><\/p>\n\n\n\n<p>GRATUIT<\/p>\n\n\n\n<div class=\"wp-block-buttons is-layout-flex wp-block-buttons-is-layout-flex\">\n<div class=\"wp-block-button has-custom-width wp-block-button__width-100 is-style-outline is-style-outline--1\"><a class=\"wp-block-button__link has-primary-color has-background-background-color has-text-color has-background has-link-color has-text-align-center wp-element-button\" href=\"https:\/\/www.helloasso.com\/associations\/compagnie-a-tout-rompre\/evenements\/inscription-atelier-theatre-etudiant-crous\" style=\"border-radius:46px\">INSCRIPTION<\/a><\/div>\n<\/div>\n<\/div><\/div>\n\n\n\n<h2 class=\"wp-block-heading alignfull has-text-align-center has-primary-color has-text-color has-link-color wp-elements-68829d78561c636687b3425836be2fd6\">ATELIER TH\u00c9\u00c2TRE&nbsp; ENFANTS<\/h2>\n\n\n\n<h2 class=\"wp-block-heading alignwide has-text-align-center has-primary-color has-text-color has-link-color wp-elements-ee4d8eb7426488c08ee11d8e646add5e\">imaginaire et cr\u00e9ativit\u00e9 <\/h2>\n\n\n\n<div class=\"wp-block-cover alignfull has-parallax\"><div role=\"img\" aria-label=\"Maison de quartier clairmarais-Atelier th\u00e9\u00e2tre-th\u00e9\u00e2tre amateur-Compagnie A Tout Rompre- Reims- Th\u00e9\u00e2tre- https:\/\/cieatoutrompre.fr\" class=\"wp-block-cover__image-background wp-image-1488 size-large has-parallax\" style=\"background-position:50% 50%;background-image:url(http:\/\/cieatoutrompre.fr\/wp-content\/uploads\/2025\/07\/IMG-20250709-WA0005-1024x768.jpg)\"><\/div><span aria-hidden=\"true\" class=\"wp-block-cover__background has-background-dim\" style=\"background-color:#7b756f\"><\/span><div class=\"wp-block-cover__inner-container is-layout-flow wp-block-cover-is-layout-flow\">\n<p><em>Enfants de 6 \u00e0 12 ans<\/em><\/p>\n\n\n\n<p><em>Mardi de 18h00 \u00e0 19h15&nbsp;\u00e0 la Maison de Quartier Clairmarais<\/em> <em>de Reims<\/em><\/p>\n\n\n\n<p>L&rsquo;objectif sera de partir \u00e0 la rencontre des inspirations de chaque enfant : quels sont leurs h\u00e9ros et h\u00e9ro\u00efnes ? Quels arts\/univers les attirent ? Le groupe sera invit\u00e9 \u00e0 explorer la sc\u00e8ne, mais aussi l\u2019interpr\u00e9tation de personnages et de situations durant les ateliers. De plus, d\u2019autres formes de cr\u00e9ations seront propos\u00e9es : ateliers d\u2019\u00e9criture, \u00e9criture de plateau, mais aussi des exercices de mise en sc\u00e8ne : comment mettre en valeur une personne sur l\u2019espace sc\u00e9nique ? Et tout un groupe ? O\u00f9 placer le public ? Exercices de confiance, improvisations et productions collectives permettront de mettre en \u00e9vidence la&nbsp;singularit\u00e9 de chacune et de chacun, pour \u00e9tablir un lien de confiance qui facilitera une certaine spontan\u00e9it\u00e9 par la suite.<\/p>\n\n\n\n<p>Renseignements et inscriptions : Maison de Quartier Clairmarais&nbsp;<\/p>\n\n\n\n<p>clairmarais@maisondequartier-reims.fr<\/p>\n\n\n\n<p>Tarif : 210\u20ac<\/p>\n<\/div><\/div>\n","protected":false},"excerpt":{"rendered":"<p>ATELIERS TH\u00c9\u00c2TRE ADULTES CR\u00c9ATIONS COLLECTIVES ATELIERS TH\u00c9\u00c2TRE \u00c9TUDIANTS ATELIER TH\u00c9\u00c2TRE&nbsp; ENFANTS \u00ab\u00a0imaginaire et cr\u00e9ativit\u00e9\u00a0\u00bb ATELIERS TH\u00c9\u00c2TRE ADULTES CR\u00c9ATIONS COLLECTIVES&nbsp; ATELIER TH\u00c9\u00c2TRE \u00c9TUDIANTS ATELIER TH\u00c9\u00c2TRE&nbsp; ENFANTS imaginaire et cr\u00e9ativit\u00e9<\/p>\n","protected":false},"author":1,"featured_media":0,"parent":0,"menu_order":0,"comment_status":"closed","ping_status":"closed","template":"","meta":{"footnotes":""},"class_list":["post-16","page","type-page","status-publish","hentry"],"_links":{"self":[{"href":"https:\/\/cieatoutrompre.fr\/index.php\/wp-json\/wp\/v2\/pages\/16","targetHints":{"allow":["GET"]}}],"collection":[{"href":"https:\/\/cieatoutrompre.fr\/index.php\/wp-json\/wp\/v2\/pages"}],"about":[{"href":"https:\/\/cieatoutrompre.fr\/index.php\/wp-json\/wp\/v2\/types\/page"}],"author":[{"embeddable":true,"href":"https:\/\/cieatoutrompre.fr\/index.php\/wp-json\/wp\/v2\/users\/1"}],"replies":[{"embeddable":true,"href":"https:\/\/cieatoutrompre.fr\/index.php\/wp-json\/wp\/v2\/comments?post=16"}],"version-history":[{"count":32,"href":"https:\/\/cieatoutrompre.fr\/index.php\/wp-json\/wp\/v2\/pages\/16\/revisions"}],"predecessor-version":[{"id":1693,"href":"https:\/\/cieatoutrompre.fr\/index.php\/wp-json\/wp\/v2\/pages\/16\/revisions\/1693"}],"wp:attachment":[{"href":"https:\/\/cieatoutrompre.fr\/index.php\/wp-json\/wp\/v2\/media?parent=16"}],"curies":[{"name":"wp","href":"https:\/\/api.w.org\/{rel}","templated":true}]}}