{"id":139,"date":"2023-10-19T09:22:35","date_gmt":"2023-10-19T09:22:35","guid":{"rendered":"http:\/\/compagnie-a-tout-rompre.local\/?page_id=139"},"modified":"2026-03-04T17:03:43","modified_gmt":"2026-03-04T16:03:43","slug":"accueil-2","status":"publish","type":"page","link":"https:\/\/cieatoutrompre.fr\/","title":{"rendered":"Accueil"},"content":{"rendered":"\n<div class=\"wp-block-cover alignfull is-light has-parallax\" style=\"min-height:800px;aspect-ratio:unset;\"><div role=\"img\" aria-label=\"Compagnie A Tout Rompre-Reims- Th\u00e9\u00e2tre- https:\/\/cieatoutrompre.fr\" class=\"wp-block-cover__image-background wp-image-1136 has-parallax\" style=\"background-position:50% 50%;background-image:url(http:\/\/cieatoutrompre.fr\/wp-content\/uploads\/2024\/05\/page-daccueil-leveil-du-printemps-1-e1716390398289.jpg)\"><\/div><span aria-hidden=\"true\" class=\"wp-block-cover__background has-background-dim-60 has-background-dim\" style=\"background-color:#FFF\"><\/span><div class=\"wp-block-cover__inner-container is-layout-flow wp-block-cover-is-layout-flow\">\n<h1 class=\"wp-block-heading alignwide has-text-align-center has-accent-color has-text-color\" style=\"font-size:64px\">Cie de th\u00e9\u00e2tre <br><strong>\u00c0 Tout Rompre<\/strong><\/h1>\n\n\n\n<div class=\"flex flex-grow flex-col max-w-full\">\n<div class=\"min-h-[20px] text-message flex flex-col items-start gap-3 whitespace-pre-wrap break-words [.text-message+&amp;]:mt-5 overflow-x-auto\" data-message-author-role=\"assistant\" data-message-id=\"407320d9-4c57-4ef1-949a-5c8bd8a86aca\">\n<div class=\"markdown prose w-full break-words dark:prose-invert light\">\n<p style=\"text-align: center;\">Bas\u00e9e \u00e0 Reims, notre compagnie s&rsquo;engage \u00e0 cr\u00e9er des spectacles inspir\u00e9s par des sujets bruts et pertinents de notre \u00e9poque. Notre directrice artistique, <span style=\"color: #ff0000;\"><strong><a style=\"color: #ff0000;\" href=\"http:\/\/compagnie-a-tout-rompre.local\/equipe\/\">Justine Rouet Chabaux<\/a><\/strong><\/span>, guide cette exploration sc\u00e9nique.<\/p>\n<p style=\"text-align: center;\">Nous privil\u00e9gions une approche ancr\u00e9e dans le r\u00e9el, abordant des th\u00e9matiques telles que le harc\u00e8lement scolaire, la p\u00e9dophilie, le f\u00e9minisme, la l\u00e9gitimit\u00e9, ou encore le consentement. Notre ambition est de donner vie \u00e0 ces sujets \u00e0 travers diverses cr\u00e9ations artistiques.<\/p>\n<p style=\"text-align: center;\">Notre d\u00e9marche repose sur le principe de l&rsquo;<strong><span style=\"color: #ff0000;\">\u00ab ici et maintenant \u00bb<\/span><\/strong>, nous permettant de tirer profit des impr\u00e9vus et des environnements en apparence inaccessibles.<\/p>\n<\/div>\n<\/div>\n<\/div>\n<\/div><\/div>\n\n\n\n<div class=\"wp-block-media-text alignfull is-stacked-on-mobile is-vertically-aligned-center is-image-fill-element\" style=\"grid-template-columns:70% auto\"><figure class=\"wp-block-media-text__media\"><img loading=\"lazy\" decoding=\"async\" width=\"1024\" height=\"600\" src=\"http:\/\/cieatoutrompre.fr\/wp-content\/uploads\/2024\/05\/page-daccueil-leveil-du-printemps-1024x600.jpg\" alt=\"L'\u00e9veil du printemps-Compagnie A Tout Rompre-Reims- Th\u00e9\u00e2tre- https:\/\/cieatoutrompre.fr\" class=\"wp-image-1135 size-full\" style=\"object-position:50% 50%\" srcset=\"https:\/\/cieatoutrompre.fr\/wp-content\/uploads\/2024\/05\/page-daccueil-leveil-du-printemps-1024x600.jpg 1024w, https:\/\/cieatoutrompre.fr\/wp-content\/uploads\/2024\/05\/page-daccueil-leveil-du-printemps-300x176.jpg 300w, https:\/\/cieatoutrompre.fr\/wp-content\/uploads\/2024\/05\/page-daccueil-leveil-du-printemps-768x450.jpg 768w, https:\/\/cieatoutrompre.fr\/wp-content\/uploads\/2024\/05\/page-daccueil-leveil-du-printemps.jpg 1109w\" sizes=\"auto, (max-width: 1024px) 100vw, 1024px\" \/><\/figure><div class=\"wp-block-media-text__content\">\n<div class=\"wp-block-buttons has-custom-font-size has-small-font-size is-vertical is-content-justification-center is-layout-flex wp-container-core-buttons-is-layout-cc3cdef1 wp-block-buttons-is-layout-flex\">\n<div class=\"wp-block-button is-style-outline is-style-outline--1\"><a class=\"wp-block-button__link has-primary-color has-subtle-background-background-color has-text-color has-background has-link-color wp-element-button\" href=\"https:\/\/cieatoutrompre.fr\/index.php\/accueil\/\" style=\"border-radius:10px\">CIE \u00c0 TOUT ROMPRE<\/a><\/div>\n\n\n\n<div class=\"wp-block-button is-style-outline is-style-outline--2\"><a class=\"wp-block-button__link has-primary-color has-subtle-background-background-color has-text-color has-background has-link-color wp-element-button\" href=\"https:\/\/cieatoutrompre.fr\/index.php\/equipe\/\" style=\"border-radius:10px\">\u00c9QUIPE<\/a><\/div>\n\n\n\n<div class=\"wp-block-button is-style-outline is-style-outline--3\"><a class=\"wp-block-button__link has-primary-color has-subtle-background-background-color has-text-color has-background has-link-color wp-element-button\" href=\"https:\/\/cieatoutrompre.fr\/index.php\/spectacles\/\" style=\"border-radius:10px\">\u00c9V\u00c9NEMENTS<\/a><\/div>\n\n\n\n<div class=\"wp-block-button is-style-outline is-style-outline--4\"><a class=\"wp-block-button__link has-primary-color has-subtle-background-background-color has-text-color has-background has-link-color wp-element-button\" style=\"border-radius:10px\">SPECTACLES<\/a><\/div>\n\n\n\n<div class=\"wp-block-button is-style-outline is-style-outline--5\"><a class=\"wp-block-button__link has-primary-color has-subtle-background-background-color has-text-color has-background has-link-color wp-element-button\" href=\"https:\/\/cieatoutrompre.fr\/index.php\/ateliers\/\" style=\"border-radius:10px\">ATELIERS<\/a><\/div>\n\n\n\n<div class=\"wp-block-button is-style-outline is-style-outline--6\"><a class=\"wp-block-button__link has-primary-color has-subtle-background-background-color has-text-color has-background has-link-color wp-element-button\" href=\"https:\/\/cieatoutrompre.fr\/index.php\/partenaires\/\" style=\"border-radius:10px\">PARTENAIRES<\/a><\/div>\n\n\n\n<div class=\"wp-block-button is-style-outline is-style-outline--7\"><a class=\"wp-block-button__link has-primary-color has-subtle-background-background-color has-text-color has-background has-link-color wp-element-button\" href=\"https:\/\/cieatoutrompre.fr\/index.php\/contact\/\" style=\"border-radius:10px\">CONTACT<\/a><\/div>\n<\/div>\n<\/div><\/div>\n\n\n\n<p><\/p>\n","protected":false},"excerpt":{"rendered":"","protected":false},"author":1,"featured_media":0,"parent":0,"menu_order":0,"comment_status":"closed","ping_status":"closed","template":"","meta":{"footnotes":""},"class_list":["post-139","page","type-page","status-publish","hentry"],"_links":{"self":[{"href":"https:\/\/cieatoutrompre.fr\/index.php\/wp-json\/wp\/v2\/pages\/139","targetHints":{"allow":["GET"]}}],"collection":[{"href":"https:\/\/cieatoutrompre.fr\/index.php\/wp-json\/wp\/v2\/pages"}],"about":[{"href":"https:\/\/cieatoutrompre.fr\/index.php\/wp-json\/wp\/v2\/types\/page"}],"author":[{"embeddable":true,"href":"https:\/\/cieatoutrompre.fr\/index.php\/wp-json\/wp\/v2\/users\/1"}],"replies":[{"embeddable":true,"href":"https:\/\/cieatoutrompre.fr\/index.php\/wp-json\/wp\/v2\/comments?post=139"}],"version-history":[{"count":8,"href":"https:\/\/cieatoutrompre.fr\/index.php\/wp-json\/wp\/v2\/pages\/139\/revisions"}],"predecessor-version":[{"id":1690,"href":"https:\/\/cieatoutrompre.fr\/index.php\/wp-json\/wp\/v2\/pages\/139\/revisions\/1690"}],"wp:attachment":[{"href":"https:\/\/cieatoutrompre.fr\/index.php\/wp-json\/wp\/v2\/media?parent=139"}],"curies":[{"name":"wp","href":"https:\/\/api.w.org\/{rel}","templated":true}]}}